{"id":679,"date":"2024-03-02T13:24:19","date_gmt":"2024-03-02T13:24:19","guid":{"rendered":"https:\/\/hamme-solutions.eu\/?page_id=679"},"modified":"2024-03-09T09:58:06","modified_gmt":"2024-03-09T08:58:06","slug":"buchungen","status":"publish","type":"page","link":"https:\/\/hamme-solutions.eu\/index.php\/buchungen\/","title":{"rendered":"Buchungen"},"content":{"rendered":"\t\t<div data-elementor-type=\"wp-page\" data-elementor-id=\"679\" class=\"elementor elementor-679\" data-elementor-post-type=\"page\">\n\t\t\t\t<div class=\"elementor-element elementor-element-8b4a53d e-flex e-con-boxed e-con e-parent\" data-id=\"8b4a53d\" data-element_type=\"container\" data-e-type=\"container\">\n\t\t\t\t\t<div class=\"e-con-inner\">\n\t\t\t\t<div class=\"elementor-element elementor-element-bf7e502 elementor-widget elementor-widget-image\" data-id=\"bf7e502\" data-element_type=\"widget\" data-e-type=\"widget\" data-widget_type=\"image.default\">\n\t\t\t\t<div class=\"elementor-widget-container\">\n\t\t\t\t\t\t\t\t\t\t\t\t\t\t\t<img fetchpriority=\"high\" decoding=\"async\" width=\"1536\" height=\"480\" src=\"https:\/\/hamme-solutions.eu\/wp-content\/uploads\/2024\/03\/START-HAMME-SOLUTIONS-3.jpg\" class=\"attachment-full size-full wp-image-617\" alt=\"\" srcset=\"https:\/\/hamme-solutions.eu\/wp-content\/uploads\/2024\/03\/START-HAMME-SOLUTIONS-3.jpg 1536w, https:\/\/hamme-solutions.eu\/wp-content\/uploads\/2024\/03\/START-HAMME-SOLUTIONS-3-300x94.jpg 300w, https:\/\/hamme-solutions.eu\/wp-content\/uploads\/2024\/03\/START-HAMME-SOLUTIONS-3-1024x320.jpg 1024w, https:\/\/hamme-solutions.eu\/wp-content\/uploads\/2024\/03\/START-HAMME-SOLUTIONS-3-768x240.jpg 768w\" sizes=\"(max-width: 1536px) 100vw, 1536px\" \/>\t\t\t\t\t\t\t\t\t\t\t\t\t\t\t<\/div>\n\t\t\t\t<\/div>\n\t\t\t\t\t<\/div>\n\t\t\t\t<\/div>\n\t\t<div class=\"elementor-element elementor-element-932e3b1 e-flex e-con-boxed e-con e-parent\" data-id=\"932e3b1\" data-element_type=\"container\" data-e-type=\"container\">\n\t\t\t\t\t<div class=\"e-con-inner\">\n\t\t<div class=\"elementor-element elementor-element-62b501f e-con-full e-flex e-con e-child\" data-id=\"62b501f\" data-element_type=\"container\" data-e-type=\"container\">\n\t\t\t\t<div class=\"elementor-element elementor-element-de52e61 elementor-widget elementor-widget-heading\" data-id=\"de52e61\" data-element_type=\"widget\" data-e-type=\"widget\" data-widget_type=\"heading.default\">\n\t\t\t\t<div class=\"elementor-widget-container\">\n\t\t\t\t\t<h5 class=\"elementor-heading-title elementor-size-default\">Sehr geehrte KundInnen,<\/h5>\t\t\t\t<\/div>\n\t\t\t\t<\/div>\n\t\t\t\t<div class=\"elementor-element elementor-element-1b1d449 elementor-widget elementor-widget-text-editor\" data-id=\"1b1d449\" data-element_type=\"widget\" data-e-type=\"widget\" data-widget_type=\"text-editor.default\">\n\t\t\t\t<div class=\"elementor-widget-container\">\n\t\t\t\t\t\t\t\t\t<div>Sie buchen gerade ein Online-Beratungs- bzw. Online-Therapiegespr\u00e4ch mit mir. Wenn Sie diesen Vorgang abgeschlossen haben, erhalten Sie eine email zur Best\u00e4tigung unseres Termins bzw. unserer Termine. Termine k\u00f6nnen maximal 60 Tage im voraus gebucht werden.<\/div><div>\u00a0<\/div><div>Au\u00dferdem erh\u00e4lt die email die Zugangsdetails zur unserer Gespr\u00e4chsplattform Zoom.<\/div><div>\u00a0<\/div><div>Mit dem Abschluss der Buchung erkl\u00e4ren sie sich damit einverstanden, dass unsere Gespr\u00e4che vertraulich stattfinden und der Schweigepflicht unterliegen. Es ist Ihnen und mir untersagt unsere Gespr\u00e4che aufzuzeichnen bzw. Inhalte an Dritte weiterzugeben. Ein Fehlverhalten kann zu strafrechtlichen Konsequenzen f\u00fchren.<\/div><div>\u00a0<\/div><div>Sollten noch weitere Fragen bestehen, werden wir diese in unserem ersten bzw. n\u00e4chsten Termin kl\u00e4ren.<\/div><div>\u00a0<\/div><div>Ich freue mich auf unseren Termin!<\/div><div>\u00a0<\/div><div>Bis dahin,<\/div><div>liebe Gr\u00fc\u00dfe,<\/div><div>\u00a0<\/div><div>Hendrik Hamme.<\/div><div>\u00a0<\/div><div><a title=\"ALLGEMEINE GESCH\u00c4FTSBEDINGUNGEN\" href=\"https:\/\/hamme-solutions.eu\/index.php\/allgemeine-geschaeftsbedingungen\/\" target=\"_blank\" rel=\"noopener\"><strong><em>Allgemeine Gesch\u00e4fts<\/em><em>bedingungen<\/em><\/strong><\/a><\/div>\t\t\t\t\t\t\t\t<\/div>\n\t\t\t\t<\/div>\n\t\t\t\t<\/div>\n\t\t<div class=\"elementor-element elementor-element-26e3d7a e-con-full e-flex e-con e-child\" data-id=\"26e3d7a\" data-element_type=\"container\" data-e-type=\"container\">\n\t\t\t\t<div class=\"elementor-element elementor-element-b5d2f0c elementor-widget elementor-widget-html\" data-id=\"b5d2f0c\" data-element_type=\"widget\" data-e-type=\"widget\" data-widget_type=\"html.default\">\n\t\t\t\t<div class=\"elementor-widget-container\">\n\t\t\t\t\t<div class=\"tidycal-embed\" data-path=\"hendrikhamme\"><\/div>\r\n<script src=\"https:\/\/assets.tidycal.com\/js\/embed.js\" async><\/script>\t\t\t\t<\/div>\n\t\t\t\t<\/div>\n\t\t\t\t<\/div>\n\t\t\t\t\t<\/div>\n\t\t\t\t<\/div>\n\t\t\t\t<\/div>\n\t\t","protected":false},"excerpt":{"rendered":"<p>Sehr geehrte KundInnen, Sie buchen gerade ein Online-Beratungs- bzw. Online-Therapiegespr\u00e4ch mit mir. Wenn Sie diesen Vorgang abgeschlossen haben, erhalten Sie eine email zur Best\u00e4tigung unseres Termins bzw. unserer Termine. Termine k\u00f6nnen maximal 60 Tage im voraus gebucht werden.\u00a0Au\u00dferdem erh\u00e4lt die email die Zugangsdetails zur unserer Gespr\u00e4chsplattform Zoom.\u00a0Mit dem Abschluss der Buchung erkl\u00e4ren sie sich damit [&hellip;]<\/p>\n","protected":false},"author":1,"featured_media":0,"parent":0,"menu_order":0,"comment_status":"closed","ping_status":"closed","template":"","meta":{"om_disable_all_campaigns":false,"_monsterinsights_skip_tracking":false,"_monsterinsights_sitenote_active":false,"_monsterinsights_sitenote_note":"","_monsterinsights_sitenote_category":0,"footnotes":""},"class_list":["post-679","page","type-page","status-publish","hentry"],"aioseo_notices":[],"_links":{"self":[{"href":"https:\/\/hamme-solutions.eu\/index.php\/wp-json\/wp\/v2\/pages\/679","targetHints":{"allow":["GET"]}}],"collection":[{"href":"https:\/\/hamme-solutions.eu\/index.php\/wp-json\/wp\/v2\/pages"}],"about":[{"href":"https:\/\/hamme-solutions.eu\/index.php\/wp-json\/wp\/v2\/types\/page"}],"author":[{"embeddable":true,"href":"https:\/\/hamme-solutions.eu\/index.php\/wp-json\/wp\/v2\/users\/1"}],"replies":[{"embeddable":true,"href":"https:\/\/hamme-solutions.eu\/index.php\/wp-json\/wp\/v2\/comments?post=679"}],"version-history":[{"count":34,"href":"https:\/\/hamme-solutions.eu\/index.php\/wp-json\/wp\/v2\/pages\/679\/revisions"}],"predecessor-version":[{"id":1072,"href":"https:\/\/hamme-solutions.eu\/index.php\/wp-json\/wp\/v2\/pages\/679\/revisions\/1072"}],"wp:attachment":[{"href":"https:\/\/hamme-solutions.eu\/index.php\/wp-json\/wp\/v2\/media?parent=679"}],"curies":[{"name":"wp","href":"https:\/\/api.w.org\/{rel}","templated":true}]}}