{"id":621,"date":"2024-03-02T12:19:07","date_gmt":"2024-03-02T12:19:07","guid":{"rendered":"https:\/\/hamme-solutions.eu\/?page_id=621"},"modified":"2024-03-11T11:39:17","modified_gmt":"2024-03-11T10:39:17","slug":"uber-mich_de","status":"publish","type":"page","link":"https:\/\/hamme-solutions.eu\/index.php\/uber-mich_de\/","title":{"rendered":"\u00dcber mich"},"content":{"rendered":"\t\t<div data-elementor-type=\"wp-page\" data-elementor-id=\"621\" class=\"elementor elementor-621\" data-elementor-post-type=\"page\">\n\t\t\t\t<div class=\"elementor-element elementor-element-ed23d44 e-flex e-con-boxed e-con e-parent\" data-id=\"ed23d44\" data-element_type=\"container\" data-e-type=\"container\">\n\t\t\t\t\t<div class=\"e-con-inner\">\n\t\t<div class=\"elementor-element elementor-element-e3ba12f e-flex e-con-boxed e-con e-child\" data-id=\"e3ba12f\" data-element_type=\"container\" data-e-type=\"container\">\n\t\t\t\t\t<div class=\"e-con-inner\">\n\t\t\t\t<div class=\"elementor-element elementor-element-9a70e33 elementor-widget elementor-widget-image\" data-id=\"9a70e33\" data-element_type=\"widget\" data-e-type=\"widget\" data-widget_type=\"image.default\">\n\t\t\t\t<div class=\"elementor-widget-container\">\n\t\t\t\t\t\t\t\t\t\t\t\t\t\t\t<img fetchpriority=\"high\" decoding=\"async\" width=\"1280\" height=\"444\" src=\"https:\/\/hamme-solutions.eu\/wp-content\/uploads\/2024\/03\/Top-1.jpg\" class=\"attachment-full size-full wp-image-724\" alt=\"\" srcset=\"https:\/\/hamme-solutions.eu\/wp-content\/uploads\/2024\/03\/Top-1.jpg 1280w, https:\/\/hamme-solutions.eu\/wp-content\/uploads\/2024\/03\/Top-1-300x104.jpg 300w, https:\/\/hamme-solutions.eu\/wp-content\/uploads\/2024\/03\/Top-1-1024x355.jpg 1024w, https:\/\/hamme-solutions.eu\/wp-content\/uploads\/2024\/03\/Top-1-768x266.jpg 768w\" sizes=\"(max-width: 1280px) 100vw, 1280px\" \/>\t\t\t\t\t\t\t\t\t\t\t\t\t\t\t<\/div>\n\t\t\t\t<\/div>\n\t\t\t\t<div class=\"elementor-element elementor-element-887ad7e elementor-widget elementor-widget-image\" data-id=\"887ad7e\" data-element_type=\"widget\" data-e-type=\"widget\" data-widget_type=\"image.default\">\n\t\t\t\t<div class=\"elementor-widget-container\">\n\t\t\t\t\t\t\t\t\t\t\t\t\t\t\t<img decoding=\"async\" width=\"1280\" height=\"176\" src=\"https:\/\/hamme-solutions.eu\/wp-content\/uploads\/2024\/03\/Uber-mich.jpg\" class=\"attachment-full size-full wp-image-751\" alt=\"\" srcset=\"https:\/\/hamme-solutions.eu\/wp-content\/uploads\/2024\/03\/Uber-mich.jpg 1280w, https:\/\/hamme-solutions.eu\/wp-content\/uploads\/2024\/03\/Uber-mich-300x41.jpg 300w, https:\/\/hamme-solutions.eu\/wp-content\/uploads\/2024\/03\/Uber-mich-1024x141.jpg 1024w, https:\/\/hamme-solutions.eu\/wp-content\/uploads\/2024\/03\/Uber-mich-768x106.jpg 768w\" sizes=\"(max-width: 1280px) 100vw, 1280px\" \/>\t\t\t\t\t\t\t\t\t\t\t\t\t\t\t<\/div>\n\t\t\t\t<\/div>\n\t\t\t\t\t<\/div>\n\t\t\t\t<\/div>\n\t\t\t\t\t<\/div>\n\t\t\t\t<\/div>\n\t\t<div class=\"elementor-element elementor-element-2572577 e-flex e-con-boxed e-con e-parent\" data-id=\"2572577\" data-element_type=\"container\" data-e-type=\"container\">\n\t\t\t\t\t<div class=\"e-con-inner\">\n\t\t<div class=\"elementor-element elementor-element-f26c5a4 e-con-full e-flex e-con e-child\" data-id=\"f26c5a4\" data-element_type=\"container\" data-e-type=\"container\">\n\t\t<div class=\"elementor-element elementor-element-6c8efe3 e-con-full e-flex e-con e-child\" data-id=\"6c8efe3\" data-element_type=\"container\" data-e-type=\"container\" data-settings=\"{&quot;background_background&quot;:&quot;classic&quot;}\">\n\t\t\t\t<div class=\"elementor-element elementor-element-a85d5bf elementor-widget elementor-widget-heading\" data-id=\"a85d5bf\" data-element_type=\"widget\" data-e-type=\"widget\" data-widget_type=\"heading.default\">\n\t\t\t\t<div class=\"elementor-widget-container\">\n\t\t\t\t\t<h6 class=\"elementor-heading-title elementor-size-default\">Hendrik Hamme \n\n<\/h6>\t\t\t\t<\/div>\n\t\t\t\t<\/div>\n\t\t\t\t<div class=\"elementor-element elementor-element-9f4aa4b elementor-widget elementor-widget-image\" data-id=\"9f4aa4b\" data-element_type=\"widget\" data-e-type=\"widget\" data-widget_type=\"image.default\">\n\t\t\t\t<div class=\"elementor-widget-container\">\n\t\t\t\t\t\t\t\t\t\t\t\t\t\t\t<img decoding=\"async\" width=\"250\" height=\"322\" src=\"https:\/\/hamme-solutions.eu\/wp-content\/uploads\/2024\/03\/Hendrik_Hamme.jpg\" class=\"attachment-large size-large wp-image-631\" alt=\"\" srcset=\"https:\/\/hamme-solutions.eu\/wp-content\/uploads\/2024\/03\/Hendrik_Hamme.jpg 250w, https:\/\/hamme-solutions.eu\/wp-content\/uploads\/2024\/03\/Hendrik_Hamme-233x300.jpg 233w\" sizes=\"(max-width: 250px) 100vw, 250px\" \/>\t\t\t\t\t\t\t\t\t\t\t\t\t\t\t<\/div>\n\t\t\t\t<\/div>\n\t\t\t\t<div class=\"elementor-element elementor-element-8a32fd7 elementor-widget elementor-widget-text-editor\" data-id=\"8a32fd7\" data-element_type=\"widget\" data-e-type=\"widget\" data-widget_type=\"text-editor.default\">\n\t\t\t\t<div class=\"elementor-widget-container\">\n\t\t\t\t\t\t\t\t\t<p class=\"Standard\">Systemischer Berater und Therapeut (DGSF zertifiziert)<\/p>\t\t\t\t\t\t\t\t<\/div>\n\t\t\t\t<\/div>\n\t\t\t\t<\/div>\n\t\t<div class=\"elementor-element elementor-element-ae3ed3c e-con-full e-flex e-con e-child\" data-id=\"ae3ed3c\" data-element_type=\"container\" data-e-type=\"container\" data-settings=\"{&quot;background_background&quot;:&quot;classic&quot;}\">\n\t\t\t\t<div class=\"elementor-element elementor-element-4af3a31 elementor-widget elementor-widget-heading\" data-id=\"4af3a31\" data-element_type=\"widget\" data-e-type=\"widget\" data-widget_type=\"heading.default\">\n\t\t\t\t<div class=\"elementor-widget-container\">\n\t\t\t\t\t<h6 class=\"elementor-heading-title elementor-size-default\">Schwerpunkte\n<\/h6>\t\t\t\t<\/div>\n\t\t\t\t<\/div>\n\t\t\t\t<div class=\"elementor-element elementor-element-fa32c51 elementor-icon-list--layout-traditional elementor-list-item-link-full_width elementor-widget elementor-widget-icon-list\" data-id=\"fa32c51\" data-element_type=\"widget\" data-e-type=\"widget\" data-widget_type=\"icon-list.default\">\n\t\t\t\t<div class=\"elementor-widget-container\">\n\t\t\t\t\t\t\t<ul class=\"elementor-icon-list-items\">\n\t\t\t\t\t\t\t<li class=\"elementor-icon-list-item\">\n\t\t\t\t\t\t\t\t\t\t\t<a href=\"https:\/\/hamme-solutions.eu\/index.php\/paartherapie_de\/\">\n\n\t\t\t\t\t\t\t\t\t\t\t\t<span class=\"elementor-icon-list-icon\">\n\t\t\t\t\t\t\t<svg aria-hidden=\"true\" class=\"e-font-icon-svg e-fas-check\" viewBox=\"0 0 512 512\" xmlns=\"http:\/\/www.w3.org\/2000\/svg\"><path d=\"M173.898 439.404l-166.4-166.4c-9.997-9.997-9.997-26.206 0-36.204l36.203-36.204c9.997-9.998 26.207-9.998 36.204 0L192 312.69 432.095 72.596c9.997-9.997 26.207-9.997 36.204 0l36.203 36.204c9.997 9.997 9.997 26.206 0 36.204l-294.4 294.401c-9.998 9.997-26.207 9.997-36.204-.001z\"><\/path><\/svg>\t\t\t\t\t\t<\/span>\n\t\t\t\t\t\t\t\t\t\t<span class=\"elementor-icon-list-text\">Paartherapie<\/span>\n\t\t\t\t\t\t\t\t\t\t\t<\/a>\n\t\t\t\t\t\t\t\t\t<\/li>\n\t\t\t\t\t\t\t\t<li class=\"elementor-icon-list-item\">\n\t\t\t\t\t\t\t\t\t\t\t<a href=\"https:\/\/hamme-solutions.eu\/index.php\/systemische-familientherapie_de\/\">\n\n\t\t\t\t\t\t\t\t\t\t\t\t<span class=\"elementor-icon-list-icon\">\n\t\t\t\t\t\t\t<svg aria-hidden=\"true\" class=\"e-font-icon-svg e-fas-check\" viewBox=\"0 0 512 512\" xmlns=\"http:\/\/www.w3.org\/2000\/svg\"><path d=\"M173.898 439.404l-166.4-166.4c-9.997-9.997-9.997-26.206 0-36.204l36.203-36.204c9.997-9.998 26.207-9.998 36.204 0L192 312.69 432.095 72.596c9.997-9.997 26.207-9.997 36.204 0l36.203 36.204c9.997 9.997 9.997 26.206 0 36.204l-294.4 294.401c-9.998 9.997-26.207 9.997-36.204-.001z\"><\/path><\/svg>\t\t\t\t\t\t<\/span>\n\t\t\t\t\t\t\t\t\t\t<span class=\"elementor-icon-list-text\">Systemische Familientherapie<\/span>\n\t\t\t\t\t\t\t\t\t\t\t<\/a>\n\t\t\t\t\t\t\t\t\t<\/li>\n\t\t\t\t\t\t\t\t<li class=\"elementor-icon-list-item\">\n\t\t\t\t\t\t\t\t\t\t\t<a href=\"https:\/\/hamme-solutions.eu\/index.php\/coaching_de\/\">\n\n\t\t\t\t\t\t\t\t\t\t\t\t<span class=\"elementor-icon-list-icon\">\n\t\t\t\t\t\t\t<svg aria-hidden=\"true\" class=\"e-font-icon-svg e-fas-check\" viewBox=\"0 0 512 512\" xmlns=\"http:\/\/www.w3.org\/2000\/svg\"><path d=\"M173.898 439.404l-166.4-166.4c-9.997-9.997-9.997-26.206 0-36.204l36.203-36.204c9.997-9.998 26.207-9.998 36.204 0L192 312.69 432.095 72.596c9.997-9.997 26.207-9.997 36.204 0l36.203 36.204c9.997 9.997 9.997 26.206 0 36.204l-294.4 294.401c-9.998 9.997-26.207 9.997-36.204-.001z\"><\/path><\/svg>\t\t\t\t\t\t<\/span>\n\t\t\t\t\t\t\t\t\t\t<span class=\"elementor-icon-list-text\">Coaching<\/span>\n\t\t\t\t\t\t\t\t\t\t\t<\/a>\n\t\t\t\t\t\t\t\t\t<\/li>\n\t\t\t\t\t\t\t\t<li class=\"elementor-icon-list-item\">\n\t\t\t\t\t\t\t\t\t\t\t<a href=\"https:\/\/hamme-solutions.eu\/index.php\/systematische-beratung-bei-trennung-und-scheidung_de\/\">\n\n\t\t\t\t\t\t\t\t\t\t\t\t<span class=\"elementor-icon-list-icon\">\n\t\t\t\t\t\t\t<svg aria-hidden=\"true\" class=\"e-font-icon-svg e-fas-check\" viewBox=\"0 0 512 512\" xmlns=\"http:\/\/www.w3.org\/2000\/svg\"><path d=\"M173.898 439.404l-166.4-166.4c-9.997-9.997-9.997-26.206 0-36.204l36.203-36.204c9.997-9.998 26.207-9.998 36.204 0L192 312.69 432.095 72.596c9.997-9.997 26.207-9.997 36.204 0l36.203 36.204c9.997 9.997 9.997 26.206 0 36.204l-294.4 294.401c-9.998 9.997-26.207 9.997-36.204-.001z\"><\/path><\/svg>\t\t\t\t\t\t<\/span>\n\t\t\t\t\t\t\t\t\t\t<span class=\"elementor-icon-list-text\">Systematische Beratung bei Trennung und Scheidung<\/span>\n\t\t\t\t\t\t\t\t\t\t\t<\/a>\n\t\t\t\t\t\t\t\t\t<\/li>\n\t\t\t\t\t\t\t\t<li class=\"elementor-icon-list-item\">\n\t\t\t\t\t\t\t\t\t\t\t<a href=\"https:\/\/hamme-solutions.eu\/index.php\/psychosoziale-beratung_de\/\">\n\n\t\t\t\t\t\t\t\t\t\t\t\t<span class=\"elementor-icon-list-icon\">\n\t\t\t\t\t\t\t<svg aria-hidden=\"true\" class=\"e-font-icon-svg e-fas-check\" viewBox=\"0 0 512 512\" xmlns=\"http:\/\/www.w3.org\/2000\/svg\"><path d=\"M173.898 439.404l-166.4-166.4c-9.997-9.997-9.997-26.206 0-36.204l36.203-36.204c9.997-9.998 26.207-9.998 36.204 0L192 312.69 432.095 72.596c9.997-9.997 26.207-9.997 36.204 0l36.203 36.204c9.997 9.997 9.997 26.206 0 36.204l-294.4 294.401c-9.998 9.997-26.207 9.997-36.204-.001z\"><\/path><\/svg>\t\t\t\t\t\t<\/span>\n\t\t\t\t\t\t\t\t\t\t<span class=\"elementor-icon-list-text\">Psychosoziale Beratung<\/span>\n\t\t\t\t\t\t\t\t\t\t\t<\/a>\n\t\t\t\t\t\t\t\t\t<\/li>\n\t\t\t\t\t\t\t\t<li class=\"elementor-icon-list-item\">\n\t\t\t\t\t\t\t\t\t\t\t<a href=\"https:\/\/hamme-solutions.eu\/index.php\/organisationsberatung_de\/\">\n\n\t\t\t\t\t\t\t\t\t\t\t\t<span class=\"elementor-icon-list-icon\">\n\t\t\t\t\t\t\t<svg aria-hidden=\"true\" class=\"e-font-icon-svg e-fas-check\" viewBox=\"0 0 512 512\" xmlns=\"http:\/\/www.w3.org\/2000\/svg\"><path d=\"M173.898 439.404l-166.4-166.4c-9.997-9.997-9.997-26.206 0-36.204l36.203-36.204c9.997-9.998 26.207-9.998 36.204 0L192 312.69 432.095 72.596c9.997-9.997 26.207-9.997 36.204 0l36.203 36.204c9.997 9.997 9.997 26.206 0 36.204l-294.4 294.401c-9.998 9.997-26.207 9.997-36.204-.001z\"><\/path><\/svg>\t\t\t\t\t\t<\/span>\n\t\t\t\t\t\t\t\t\t\t<span class=\"elementor-icon-list-text\">Systemische Organisationsberatung<\/span>\n\t\t\t\t\t\t\t\t\t\t\t<\/a>\n\t\t\t\t\t\t\t\t\t<\/li>\n\t\t\t\t\t\t<\/ul>\n\t\t\t\t\t\t<\/div>\n\t\t\t\t<\/div>\n\t\t\t\t<\/div>\n\t\t<div class=\"elementor-element elementor-element-87c4f75 e-con-full e-flex e-con e-child\" data-id=\"87c4f75\" data-element_type=\"container\" data-e-type=\"container\" data-settings=\"{&quot;background_background&quot;:&quot;classic&quot;}\">\n\t\t\t\t<div class=\"elementor-element elementor-element-5afeebe elementor-widget elementor-widget-heading\" data-id=\"5afeebe\" data-element_type=\"widget\" data-e-type=\"widget\" data-widget_type=\"heading.default\">\n\t\t\t\t<div class=\"elementor-widget-container\">\n\t\t\t\t\t<h6 class=\"elementor-heading-title elementor-size-default\">Ausbildung<\/h6>\t\t\t\t<\/div>\n\t\t\t\t<\/div>\n\t\t\t\t<div class=\"elementor-element elementor-element-cc2ea82 elementor-widget elementor-widget-text-editor\" data-id=\"cc2ea82\" data-element_type=\"widget\" data-e-type=\"widget\" data-widget_type=\"text-editor.default\">\n\t\t\t\t<div class=\"elementor-widget-container\">\n\t\t\t\t\t\t\t\t\t<p class=\"Standard\">Diplom P\u00e4dagogik \u2013 <strong>Universit\u00e4t Hamburg<\/strong><\/p><p class=\"Standard\">Post-Graduiertes Diplom in Management \u2013 <strong>Birkbeck Universit\u00e4t London<\/strong><\/p><p class=\"Standard\">Systemischer Therapeut und Berater \u2013 <strong>Institut f\u00fcr Systemisches Arbeiten (INSA) Berlin<\/strong><\/p>\t\t\t\t\t\t\t\t<\/div>\n\t\t\t\t<\/div>\n\t\t\t\t<\/div>\n\t\t\t\t<\/div>\n\t\t<div class=\"elementor-element elementor-element-4f87a13 e-con-full e-flex e-con e-child\" data-id=\"4f87a13\" data-element_type=\"container\" data-e-type=\"container\">\n\t\t\t\t<div class=\"elementor-element elementor-element-233308e elementor-widget elementor-widget-text-editor\" data-id=\"233308e\" data-element_type=\"widget\" data-e-type=\"widget\" data-widget_type=\"text-editor.default\">\n\t\t\t\t<div class=\"elementor-widget-container\">\n\t\t\t\t\t\t\t\t\t<p class=\"Standard\"><span lang=\"DE\">Mein Beratungsethos bildet das Herzst\u00fcck meiner Arbeit und spiegelt meine \u00dcberzeugungen und Werte wider, die die Grundlage f\u00fcr eine unterst\u00fctzende und respektvolle Zusammenarbeit mit Ihnen bilden.<\/span><\/p><h5 class=\"Standard\"><strong><span lang=\"DE\">Vertrauensvolle Zusammenarbeit<\/span><\/strong><\/h5><p class=\"Standard\"><span lang=\"DE\">Wir schaffen einen Raum des Vertrauens, in dem Sie sich sicher f\u00fchlen k\u00f6nnen, offen \u00fcber Ihre Herausforderungen und Bed\u00fcrfnisse zu sprechen. Ich bin darauf bedacht, eine unterst\u00fctzende Beziehung aufzubauen, die auf Respekt, Empathie und Verst\u00e4ndnis basiert.<\/span><\/p><h5 class=\"Standard\"><strong><span lang=\"DE\">Wertsch\u00e4tzender Umgang<\/span><\/strong><\/h5><p class=\"Standard\"><span lang=\"DE\">Ein wertsch\u00e4tzender und respektvoller Umgang ist f\u00fcr mich von zentraler Bedeutung. Ich erkenne die Einzigartigkeit jedes Individuums an und sch\u00e4tze die Vielfalt der Lebenserfahrungen. In unseren Sitzungen pflegen wir eine Kultur des Respekts, um ein positives und f\u00f6rderliches Umfeld zu gew\u00e4hrleisten.<\/span><\/p><h5 class=\"Standard\"><strong><span lang=\"DE\">Ressourcenorientierter Ansatz<\/span><\/strong><\/h5><p class=\"Standard\"><span lang=\"DE\">Meine systemische Therapie und Beratung orientiert sich an Ihren bereits vorhandenen Ressourcen. Gemeinsam arbeiten wir daran, ihre Ressourcen zu identifizieren und zu st\u00e4rken, um nachhaltige L\u00f6sungen f\u00fcr Ihre Anliegen zu entwickeln. Wir glauben daran, dass Sie die Expertin oder der Experte f\u00fcr Ihr eigenes Leben sind.<\/span><\/p><h5 class=\"Standard\"><strong><span lang=\"DE\">L\u00f6sungsorientierung<\/span><\/strong><\/h5><p class=\"Standard\"><span lang=\"DE\">Mein Fokus liegt auf L\u00f6sungen. In den Therapie- und Beratungsprozessen erarbeiten wir gemeinsam konkrete Schritte, um positive Ver\u00e4nderungen herbeizuf\u00fchren. Ich betrachte Herausforderungen als Chancen f\u00fcr pers\u00f6nliches Wachstum und unterst\u00fctze Sie dabei, Ihre individuellen Ziele zu erreichen.<\/span><\/p><h5 class=\"Standard\"><strong><span lang=\"DE\">Kontinuierliche Weiterentwicklung<\/span><\/strong><\/h5><p class=\"Standard\"><span lang=\"DE\">Ich strebe nach Exzellenz in meiner Arbeit und setze auf kontinuierliche Weiterentwicklung. Durch regelm\u00e4\u00dfige Fortbildungen und Supervisionen sichere ich die Qualit\u00e4t unserer Dienstleistungen und stelle sicher, dass ich stets die besten Ans\u00e4tze f\u00fcr Ihre Bed\u00fcrfnisse anbiete.<\/span><\/p><p class=\"Standard\"><span lang=\"DE\">Ich freue mich darauf, Sie auf Ihrem Weg zu begleiten und gemeinsam mit Ihnen an positiven Ver\u00e4nderungen zu arbeiten. Ihre Zufriedenheit und Ihr Wohlbefinden stehen f\u00fcr mich an erster Stelle. Kontaktieren Sie mich gerne, um mehr \u00fcber unsere systematische Onlinetherapie und Online-Beratung zu erfahren.<\/span><\/p>\t\t\t\t\t\t\t\t<\/div>\n\t\t\t\t<\/div>\n\t\t\t\t<\/div>\n\t\t\t\t\t<\/div>\n\t\t\t\t<\/div>\n\t\t<div class=\"elementor-element elementor-element-770715c e-flex e-con-boxed e-con e-parent\" data-id=\"770715c\" data-element_type=\"container\" data-e-type=\"container\">\n\t\t\t\t\t<div class=\"e-con-inner\">\n\t\t<div class=\"elementor-element elementor-element-63a99fb e-con-full e-flex e-con e-child\" data-id=\"63a99fb\" data-element_type=\"container\" data-e-type=\"container\">\n\t\t<div class=\"elementor-element elementor-element-23cfb42 e-con-full e-flex e-con e-child\" data-id=\"23cfb42\" data-element_type=\"container\" data-e-type=\"container\" data-settings=\"{&quot;background_background&quot;:&quot;classic&quot;}\">\n\t\t\t\t<div class=\"elementor-element elementor-element-0aa2723 elementor-widget elementor-widget-heading\" data-id=\"0aa2723\" data-element_type=\"widget\" data-e-type=\"widget\" data-widget_type=\"heading.default\">\n\t\t\t\t<div class=\"elementor-widget-container\">\n\t\t\t\t\t<h6 class=\"elementor-heading-title elementor-size-default\">Berufserfahrung<\/h6>\t\t\t\t<\/div>\n\t\t\t\t<\/div>\n\t\t\t\t<div class=\"elementor-element elementor-element-b50f02c elementor-widget elementor-widget-text-editor\" data-id=\"b50f02c\" data-element_type=\"widget\" data-e-type=\"widget\" data-widget_type=\"text-editor.default\">\n\t\t\t\t<div class=\"elementor-widget-container\">\n\t\t\t\t\t\t\t\t\t<p>Seit 1998 engagiere ich mich im sozialen Umfeld in der internationalen Kinder- und Jugendarbeit.<\/p><p>Von 2004 bis 2014 arbeitete ich als selbst\u00e4ndiger Sozialarbeiter im Care Management f\u00fcr unterschiedliche Gemeinden in und um London.<\/p><p>Von 2014 bis 2022 war ich als Verfahrensbeistand und Berufsvormund an den Berliner Familiengerichten t\u00e4tig.<\/p>\t\t\t\t\t\t\t\t<\/div>\n\t\t\t\t<\/div>\n\t\t\t\t<\/div>\n\t\t\t\t<\/div>\n\t\t<div class=\"elementor-element elementor-element-13719e0 e-con-full e-flex e-con e-child\" data-id=\"13719e0\" data-element_type=\"container\" data-e-type=\"container\">\n\t\t<div class=\"elementor-element elementor-element-2f581b9 e-con-full e-flex e-con e-child\" data-id=\"2f581b9\" data-element_type=\"container\" data-e-type=\"container\" data-settings=\"{&quot;background_background&quot;:&quot;classic&quot;}\">\n\t\t\t\t<div class=\"elementor-element elementor-element-db1a0b4 elementor-widget elementor-widget-heading\" data-id=\"db1a0b4\" data-element_type=\"widget\" data-e-type=\"widget\" data-widget_type=\"heading.default\">\n\t\t\t\t<div class=\"elementor-widget-container\">\n\t\t\t\t\t<h6 class=\"elementor-heading-title elementor-size-default\">Sprachen<\/h6>\t\t\t\t<\/div>\n\t\t\t\t<\/div>\n\t\t\t\t<div class=\"elementor-element elementor-element-029f5de elementor-widget elementor-widget-text-editor\" data-id=\"029f5de\" data-element_type=\"widget\" data-e-type=\"widget\" data-widget_type=\"text-editor.default\">\n\t\t\t\t<div class=\"elementor-widget-container\">\n\t\t\t\t\t\t\t\t\t<p class=\"Standard\">Ich verf\u00fcge \u00fcber flie\u00dfende Englischkenntnisse und biete alle Beratungen auch in Englischer Sprache Online an. Zudem verf\u00fcge ich \u00fcber Grundkenntnisse in der spanischen, polnischen und bulgarischen Sprache.<\/p>\t\t\t\t\t\t\t\t<\/div>\n\t\t\t\t<\/div>\n\t\t\t\t<\/div>\n\t\t\t\t<\/div>\n\t\t<div class=\"elementor-element elementor-element-41531e6 e-con-full e-flex e-con e-child\" data-id=\"41531e6\" data-element_type=\"container\" data-e-type=\"container\">\n\t\t<div class=\"elementor-element elementor-element-a4ba5b6 e-con-full e-flex e-con e-child\" data-id=\"a4ba5b6\" data-element_type=\"container\" data-e-type=\"container\" data-settings=\"{&quot;background_background&quot;:&quot;classic&quot;}\">\n\t\t\t\t<div class=\"elementor-element elementor-element-2f08e93 elementor-widget elementor-widget-heading\" data-id=\"2f08e93\" data-element_type=\"widget\" data-e-type=\"widget\" data-widget_type=\"heading.default\">\n\t\t\t\t<div class=\"elementor-widget-container\">\n\t\t\t\t\t<h6 class=\"elementor-heading-title elementor-size-default\">Pers\u00f6nliche Interessen<\/h6>\t\t\t\t<\/div>\n\t\t\t\t<\/div>\n\t\t\t\t<div class=\"elementor-element elementor-element-19492f2 elementor-widget elementor-widget-text-editor\" data-id=\"19492f2\" data-element_type=\"widget\" data-e-type=\"widget\" data-widget_type=\"text-editor.default\">\n\t\t\t\t<div class=\"elementor-widget-container\">\n\t\t\t\t\t\t\t\t\t<p class=\"Standard\">Die Liebe und Neugier zu den Menschen hat mich bereits in verschiedene L\u00e4nder unserer Welt vordringen lassen. Mein Durst die Welt zu erleben und mitzugestalten ist noch lange nicht gestillt.<\/p>\t\t\t\t\t\t\t\t<\/div>\n\t\t\t\t<\/div>\n\t\t\t\t<\/div>\n\t\t\t\t<\/div>\n\t\t\t\t\t<\/div>\n\t\t\t\t<\/div>\n\t\t\t\t<\/div>\n\t\t","protected":false},"excerpt":{"rendered":"<p>Hendrik Hamme Systemischer Berater und Therapeut (DGSF zertifiziert) Schwerpunkte Paartherapie Systemische Familientherapie Coaching Systematische Beratung bei Trennung und Scheidung Psychosoziale Beratung Systemische Organisationsberatung Ausbildung Diplom P\u00e4dagogik \u2013 Universit\u00e4t Hamburg Post-Graduiertes Diplom in Management \u2013 Birkbeck Universit\u00e4t London Systemischer Therapeut und Berater \u2013 Institut f\u00fcr Systemisches Arbeiten (INSA) Berlin Mein Beratungsethos bildet das Herzst\u00fcck meiner Arbeit [&hellip;]<\/p>\n","protected":false},"author":1,"featured_media":0,"parent":0,"menu_order":0,"comment_status":"closed","ping_status":"closed","template":"","meta":{"om_disable_all_campaigns":false,"_monsterinsights_skip_tracking":false,"_monsterinsights_sitenote_active":false,"_monsterinsights_sitenote_note":"","_monsterinsights_sitenote_category":0,"footnotes":""},"class_list":["post-621","page","type-page","status-publish","hentry"],"aioseo_notices":[],"_links":{"self":[{"href":"https:\/\/hamme-solutions.eu\/index.php\/wp-json\/wp\/v2\/pages\/621","targetHints":{"allow":["GET"]}}],"collection":[{"href":"https:\/\/hamme-solutions.eu\/index.php\/wp-json\/wp\/v2\/pages"}],"about":[{"href":"https:\/\/hamme-solutions.eu\/index.php\/wp-json\/wp\/v2\/types\/page"}],"author":[{"embeddable":true,"href":"https:\/\/hamme-solutions.eu\/index.php\/wp-json\/wp\/v2\/users\/1"}],"replies":[{"embeddable":true,"href":"https:\/\/hamme-solutions.eu\/index.php\/wp-json\/wp\/v2\/comments?post=621"}],"version-history":[{"count":73,"href":"https:\/\/hamme-solutions.eu\/index.php\/wp-json\/wp\/v2\/pages\/621\/revisions"}],"predecessor-version":[{"id":1133,"href":"https:\/\/hamme-solutions.eu\/index.php\/wp-json\/wp\/v2\/pages\/621\/revisions\/1133"}],"wp:attachment":[{"href":"https:\/\/hamme-solutions.eu\/index.php\/wp-json\/wp\/v2\/media?parent=621"}],"curies":[{"name":"wp","href":"https:\/\/api.w.org\/{rel}","templated":true}]}}