{"id":494,"date":"2024-03-02T10:31:31","date_gmt":"2024-03-02T10:31:31","guid":{"rendered":"https:\/\/hamme-solutions.eu\/?page_id=494"},"modified":"2024-03-03T13:08:48","modified_gmt":"2024-03-03T12:08:48","slug":"systematische-beratung-bei-trennung-und-scheidung_de","status":"publish","type":"page","link":"https:\/\/hamme-solutions.eu\/index.php\/systematische-beratung-bei-trennung-und-scheidung_de\/","title":{"rendered":"Systematische Beratung bei Trennung und Scheidung"},"content":{"rendered":"\t\t<div data-elementor-type=\"wp-page\" data-elementor-id=\"494\" class=\"elementor elementor-494\" data-elementor-post-type=\"page\">\n\t\t\t\t<div class=\"elementor-element elementor-element-271e1f0 e-flex e-con-boxed e-con e-parent\" data-id=\"271e1f0\" data-element_type=\"container\" data-e-type=\"container\">\n\t\t\t\t\t<div class=\"e-con-inner\">\n\t\t<div class=\"elementor-element elementor-element-b53b2ae e-flex e-con-boxed e-con e-child\" data-id=\"b53b2ae\" data-element_type=\"container\" data-e-type=\"container\">\n\t\t\t\t\t<div class=\"e-con-inner\">\n\t\t\t\t<div class=\"elementor-element elementor-element-32664ec elementor-widget elementor-widget-image\" data-id=\"32664ec\" data-element_type=\"widget\" data-e-type=\"widget\" data-widget_type=\"image.default\">\n\t\t\t\t<div class=\"elementor-widget-container\">\n\t\t\t\t\t\t\t\t\t\t\t\t\t\t\t<img fetchpriority=\"high\" decoding=\"async\" width=\"1280\" height=\"444\" src=\"https:\/\/hamme-solutions.eu\/wp-content\/uploads\/2024\/03\/Top-1.jpg\" class=\"attachment-full size-full wp-image-724\" alt=\"\" srcset=\"https:\/\/hamme-solutions.eu\/wp-content\/uploads\/2024\/03\/Top-1.jpg 1280w, https:\/\/hamme-solutions.eu\/wp-content\/uploads\/2024\/03\/Top-1-300x104.jpg 300w, https:\/\/hamme-solutions.eu\/wp-content\/uploads\/2024\/03\/Top-1-1024x355.jpg 1024w, https:\/\/hamme-solutions.eu\/wp-content\/uploads\/2024\/03\/Top-1-768x266.jpg 768w\" sizes=\"(max-width: 1280px) 100vw, 1280px\" \/>\t\t\t\t\t\t\t\t\t\t\t\t\t\t\t<\/div>\n\t\t\t\t<\/div>\n\t\t\t\t<div class=\"elementor-element elementor-element-d31454a elementor-widget elementor-widget-image\" data-id=\"d31454a\" data-element_type=\"widget\" data-e-type=\"widget\" data-widget_type=\"image.default\">\n\t\t\t\t<div class=\"elementor-widget-container\">\n\t\t\t\t\t\t\t\t\t\t\t\t\t\t\t<img decoding=\"async\" width=\"1280\" height=\"176\" src=\"https:\/\/hamme-solutions.eu\/wp-content\/uploads\/2024\/03\/Systematische-Beratung-bei-Trennung-und-Scheidung.jpg\" class=\"attachment-full size-full wp-image-743\" alt=\"\" srcset=\"https:\/\/hamme-solutions.eu\/wp-content\/uploads\/2024\/03\/Systematische-Beratung-bei-Trennung-und-Scheidung.jpg 1280w, https:\/\/hamme-solutions.eu\/wp-content\/uploads\/2024\/03\/Systematische-Beratung-bei-Trennung-und-Scheidung-300x41.jpg 300w, https:\/\/hamme-solutions.eu\/wp-content\/uploads\/2024\/03\/Systematische-Beratung-bei-Trennung-und-Scheidung-1024x141.jpg 1024w, https:\/\/hamme-solutions.eu\/wp-content\/uploads\/2024\/03\/Systematische-Beratung-bei-Trennung-und-Scheidung-768x106.jpg 768w\" sizes=\"(max-width: 1280px) 100vw, 1280px\" \/>\t\t\t\t\t\t\t\t\t\t\t\t\t\t\t<\/div>\n\t\t\t\t<\/div>\n\t\t\t\t\t<\/div>\n\t\t\t\t<\/div>\n\t\t\t\t\t<\/div>\n\t\t\t\t<\/div>\n\t\t<div class=\"elementor-element elementor-element-9a4ed0c e-flex e-con-boxed e-con e-parent\" data-id=\"9a4ed0c\" data-element_type=\"container\" data-e-type=\"container\">\n\t\t\t\t\t<div class=\"e-con-inner\">\n\t\t<div class=\"elementor-element elementor-element-399bf68 e-flex e-con-boxed e-con e-child\" data-id=\"399bf68\" data-element_type=\"container\" data-e-type=\"container\">\n\t\t\t\t\t<div class=\"e-con-inner\">\n\t\t<div class=\"elementor-element elementor-element-ca95962 e-con-full e-flex e-con e-child\" data-id=\"ca95962\" data-element_type=\"container\" data-e-type=\"container\">\n\t\t\t\t<div class=\"elementor-element elementor-element-02c6b9e elementor-widget elementor-widget-image\" data-id=\"02c6b9e\" data-element_type=\"widget\" data-e-type=\"widget\" data-widget_type=\"image.default\">\n\t\t\t\t<div class=\"elementor-widget-container\">\n\t\t\t\t\t\t\t\t\t\t\t\t\t\t\t<img decoding=\"async\" width=\"740\" height=\"493\" src=\"https:\/\/hamme-solutions.eu\/wp-content\/uploads\/2024\/02\/Systemische-Beratung-bei-Trennung-und-Scheidung-e1532076002721.jpeg\" class=\"attachment-large size-large wp-image-181\" alt=\"\" srcset=\"https:\/\/hamme-solutions.eu\/wp-content\/uploads\/2024\/02\/Systemische-Beratung-bei-Trennung-und-Scheidung-e1532076002721.jpeg 740w, https:\/\/hamme-solutions.eu\/wp-content\/uploads\/2024\/02\/Systemische-Beratung-bei-Trennung-und-Scheidung-e1532076002721-300x200.jpeg 300w\" sizes=\"(max-width: 740px) 100vw, 740px\" \/>\t\t\t\t\t\t\t\t\t\t\t\t\t\t\t<\/div>\n\t\t\t\t<\/div>\n\t\t\t\t<div class=\"elementor-element elementor-element-1e1acba elementor-align-center elementor-widget elementor-widget-button\" data-id=\"1e1acba\" data-element_type=\"widget\" data-e-type=\"widget\" data-widget_type=\"button.default\">\n\t\t\t\t<div class=\"elementor-widget-container\">\n\t\t\t\t\t\t\t\t\t<div class=\"elementor-button-wrapper\">\n\t\t\t\t\t<a class=\"elementor-button elementor-button-link elementor-size-sm\" href=\"https:\/\/hamme-solutions.eu\/index.php\/buchungen\/\">\n\t\t\t\t\t\t<span class=\"elementor-button-content-wrapper\">\n\t\t\t\t\t\t\t\t\t<span class=\"elementor-button-text\">Zum buchen klicken Sie hier!<\/span>\n\t\t\t\t\t<\/span>\n\t\t\t\t\t<\/a>\n\t\t\t\t<\/div>\n\t\t\t\t\t\t\t\t<\/div>\n\t\t\t\t<\/div>\n\t\t\t\t<\/div>\n\t\t<div class=\"elementor-element elementor-element-38944c4 e-con-full e-flex e-con e-child\" data-id=\"38944c4\" data-element_type=\"container\" data-e-type=\"container\">\n\t\t\t\t<div class=\"elementor-element elementor-element-0f67465 elementor-widget elementor-widget-text-editor\" data-id=\"0f67465\" data-element_type=\"widget\" data-e-type=\"widget\" data-widget_type=\"text-editor.default\">\n\t\t\t\t<div class=\"elementor-widget-container\">\n\t\t\t\t\t\t\t\t\t<p class=\"Standard\"><span lang=\"DE\">Wir verstehen, dass Trennung eine herausfordernde Zeit ist, besonders wenn Kinder involviert sind. Unsere erfahrenen Beraterinnen und Berater bieten Ihnen gezielte Unterst\u00fctzung, um diesen Prozess mit R\u00fccksicht auf die Kinder bestm\u00f6glich zu gestalten.<\/span><\/p><p class=\"Standard\"><span lang=\"DE\">Unsere systemische Onlineberatung konzentriert sich darauf, gemeinsam mit Ihnen L\u00f6sungen zu finden, die die Bed\u00fcrfnisse aller Familienmitglieder ber\u00fccksichtigen. Wir verstehen, dass eine erfolgreiche Umgangsgestaltung und eine positive Kommunikation zwischen den Eltern einen entscheidenden Einfluss auf das Wohlbefinden der Kinder haben k\u00f6nnen.<\/span><\/p><p class=\"Standard\"><span lang=\"DE\">In den Online-Sitzungen schaffen wir einen sicheren Raum, in dem Sie offen \u00fcber Ihre Anliegen sprechen k\u00f6nnen. Wir unterst\u00fctzen Sie dabei, klare Vereinbarungen f\u00fcr die Umgangsgestaltung zu finden, die die emotionale Stabilit\u00e4t der Kinder f\u00f6rdern. Unser Ansatz ber\u00fccksichtigt die individuellen Bed\u00fcrfnisse der Kinder und hilft dabei, die Elternschaft auch nach der Trennung positiv zu gestalten.<\/span><\/p><p class=\"Standard\"><span lang=\"DE\">Die Vorteile unserer Systematischen Onlineberatung bei Trennung und Scheidung liegen in der Flexibilit\u00e4t und Individualit\u00e4t. Wir arbeiten mit Ihnen zusammen, um ma\u00dfgeschneiderte L\u00f6sungen zu entwickeln, die zu Ihrer spezifischen Familiensituation passen. Egal, ob es um Umgangsregelungen, die Kl\u00e4rung von Konflikten oder die Entwicklung einer kooperativen Elternschaft geht \u2013 wir sind hier, um Sie zu unterst\u00fctzen.<\/span><\/p><p class=\"Standard\"><span lang=\"DE\">Starten Sie den Weg zu einer stabilen und unterst\u00fctzenden Umgebung f\u00fcr Ihre Kinder. Vereinbaren Sie noch heute eine Systematische Onlineberatung bei Trennung und Scheidung und setzen Sie den ersten Schritt zu positiven Ver\u00e4nderungen in Ihrer Familiendynamik.<\/span><\/p>\t\t\t\t\t\t\t\t<\/div>\n\t\t\t\t<\/div>\n\t\t\t\t<\/div>\n\t\t\t\t\t<\/div>\n\t\t\t\t<\/div>\n\t\t\t\t\t<\/div>\n\t\t\t\t<\/div>\n\t\t\t\t<\/div>\n\t\t","protected":false},"excerpt":{"rendered":"<p>Zum buchen klicken Sie hier! Wir verstehen, dass Trennung eine herausfordernde Zeit ist, besonders wenn Kinder involviert sind. Unsere erfahrenen Beraterinnen und Berater bieten Ihnen gezielte Unterst\u00fctzung, um diesen Prozess mit R\u00fccksicht auf die Kinder bestm\u00f6glich zu gestalten. Unsere systemische Onlineberatung konzentriert sich darauf, gemeinsam mit Ihnen L\u00f6sungen zu finden, die die Bed\u00fcrfnisse aller Familienmitglieder [&hellip;]<\/p>\n","protected":false},"author":1,"featured_media":0,"parent":0,"menu_order":0,"comment_status":"closed","ping_status":"closed","template":"","meta":{"om_disable_all_campaigns":false,"_monsterinsights_skip_tracking":false,"_monsterinsights_sitenote_active":false,"_monsterinsights_sitenote_note":"","_monsterinsights_sitenote_category":0,"footnotes":""},"class_list":["post-494","page","type-page","status-publish","hentry"],"aioseo_notices":[],"_links":{"self":[{"href":"https:\/\/hamme-solutions.eu\/index.php\/wp-json\/wp\/v2\/pages\/494","targetHints":{"allow":["GET"]}}],"collection":[{"href":"https:\/\/hamme-solutions.eu\/index.php\/wp-json\/wp\/v2\/pages"}],"about":[{"href":"https:\/\/hamme-solutions.eu\/index.php\/wp-json\/wp\/v2\/types\/page"}],"author":[{"embeddable":true,"href":"https:\/\/hamme-solutions.eu\/index.php\/wp-json\/wp\/v2\/users\/1"}],"replies":[{"embeddable":true,"href":"https:\/\/hamme-solutions.eu\/index.php\/wp-json\/wp\/v2\/comments?post=494"}],"version-history":[{"count":16,"href":"https:\/\/hamme-solutions.eu\/index.php\/wp-json\/wp\/v2\/pages\/494\/revisions"}],"predecessor-version":[{"id":863,"href":"https:\/\/hamme-solutions.eu\/index.php\/wp-json\/wp\/v2\/pages\/494\/revisions\/863"}],"wp:attachment":[{"href":"https:\/\/hamme-solutions.eu\/index.php\/wp-json\/wp\/v2\/media?parent=494"}],"curies":[{"name":"wp","href":"https:\/\/api.w.org\/{rel}","templated":true}]}}