{"id":492,"date":"2024-03-02T10:30:46","date_gmt":"2024-03-02T10:30:46","guid":{"rendered":"https:\/\/hamme-solutions.eu\/?page_id=492"},"modified":"2024-03-03T13:03:53","modified_gmt":"2024-03-03T12:03:53","slug":"coaching_de","status":"publish","type":"page","link":"https:\/\/hamme-solutions.eu\/index.php\/coaching_de\/","title":{"rendered":"Coaching"},"content":{"rendered":"\t\t<div data-elementor-type=\"wp-page\" data-elementor-id=\"492\" class=\"elementor elementor-492\" data-elementor-post-type=\"page\">\n\t\t\t\t<div class=\"elementor-element elementor-element-e0a5426 e-flex e-con-boxed e-con e-parent\" data-id=\"e0a5426\" data-element_type=\"container\" data-e-type=\"container\">\n\t\t\t\t\t<div class=\"e-con-inner\">\n\t\t<div class=\"elementor-element elementor-element-0158967 e-flex e-con-boxed e-con e-child\" data-id=\"0158967\" data-element_type=\"container\" data-e-type=\"container\">\n\t\t\t\t\t<div class=\"e-con-inner\">\n\t\t<div class=\"elementor-element elementor-element-645cf77 e-flex e-con-boxed e-con e-child\" data-id=\"645cf77\" data-element_type=\"container\" data-e-type=\"container\">\n\t\t\t\t\t<div class=\"e-con-inner\">\n\t\t\t\t<div class=\"elementor-element elementor-element-68032c1 elementor-widget elementor-widget-image\" data-id=\"68032c1\" data-element_type=\"widget\" data-e-type=\"widget\" data-widget_type=\"image.default\">\n\t\t\t\t<div class=\"elementor-widget-container\">\n\t\t\t\t\t\t\t\t\t\t\t\t\t\t\t<img fetchpriority=\"high\" decoding=\"async\" width=\"1280\" height=\"444\" src=\"https:\/\/hamme-solutions.eu\/wp-content\/uploads\/2024\/03\/Top-1.jpg\" class=\"attachment-full size-full wp-image-724\" alt=\"\" srcset=\"https:\/\/hamme-solutions.eu\/wp-content\/uploads\/2024\/03\/Top-1.jpg 1280w, https:\/\/hamme-solutions.eu\/wp-content\/uploads\/2024\/03\/Top-1-300x104.jpg 300w, https:\/\/hamme-solutions.eu\/wp-content\/uploads\/2024\/03\/Top-1-1024x355.jpg 1024w, https:\/\/hamme-solutions.eu\/wp-content\/uploads\/2024\/03\/Top-1-768x266.jpg 768w\" sizes=\"(max-width: 1280px) 100vw, 1280px\" \/>\t\t\t\t\t\t\t\t\t\t\t\t\t\t\t<\/div>\n\t\t\t\t<\/div>\n\t\t\t\t<div class=\"elementor-element elementor-element-8b9eb90 elementor-widget elementor-widget-image\" data-id=\"8b9eb90\" data-element_type=\"widget\" data-e-type=\"widget\" data-widget_type=\"image.default\">\n\t\t\t\t<div class=\"elementor-widget-container\">\n\t\t\t\t\t\t\t\t\t\t\t\t\t\t\t<img decoding=\"async\" width=\"1280\" height=\"176\" src=\"https:\/\/hamme-solutions.eu\/wp-content\/uploads\/2024\/03\/Coaching.jpg\" class=\"attachment-full size-full wp-image-739\" alt=\"\" srcset=\"https:\/\/hamme-solutions.eu\/wp-content\/uploads\/2024\/03\/Coaching.jpg 1280w, https:\/\/hamme-solutions.eu\/wp-content\/uploads\/2024\/03\/Coaching-300x41.jpg 300w, https:\/\/hamme-solutions.eu\/wp-content\/uploads\/2024\/03\/Coaching-1024x141.jpg 1024w, https:\/\/hamme-solutions.eu\/wp-content\/uploads\/2024\/03\/Coaching-768x106.jpg 768w\" sizes=\"(max-width: 1280px) 100vw, 1280px\" \/>\t\t\t\t\t\t\t\t\t\t\t\t\t\t\t<\/div>\n\t\t\t\t<\/div>\n\t\t\t\t\t<\/div>\n\t\t\t\t<\/div>\n\t\t\t\t\t<\/div>\n\t\t\t\t<\/div>\n\t\t\t\t\t<\/div>\n\t\t\t\t<\/div>\n\t\t<div class=\"elementor-element elementor-element-8253aee e-flex e-con-boxed e-con e-parent\" data-id=\"8253aee\" data-element_type=\"container\" data-e-type=\"container\">\n\t\t\t\t\t<div class=\"e-con-inner\">\n\t\t<div class=\"elementor-element elementor-element-cc14c5e e-flex e-con-boxed e-con e-child\" data-id=\"cc14c5e\" data-element_type=\"container\" data-e-type=\"container\">\n\t\t\t\t\t<div class=\"e-con-inner\">\n\t\t<div class=\"elementor-element elementor-element-4ab8187 e-con-full e-flex e-con e-child\" data-id=\"4ab8187\" data-element_type=\"container\" data-e-type=\"container\">\n\t\t\t\t<div class=\"elementor-element elementor-element-1882f93 elementor-widget elementor-widget-image\" data-id=\"1882f93\" data-element_type=\"widget\" data-e-type=\"widget\" data-widget_type=\"image.default\">\n\t\t\t\t<div class=\"elementor-widget-container\">\n\t\t\t\t\t\t\t\t\t\t\t\t\t\t\t<img decoding=\"async\" width=\"740\" height=\"494\" src=\"https:\/\/hamme-solutions.eu\/wp-content\/uploads\/2024\/02\/Coaching-e1532075970663.jpeg\" class=\"attachment-large size-large wp-image-179\" alt=\"\" srcset=\"https:\/\/hamme-solutions.eu\/wp-content\/uploads\/2024\/02\/Coaching-e1532075970663.jpeg 740w, https:\/\/hamme-solutions.eu\/wp-content\/uploads\/2024\/02\/Coaching-e1532075970663-300x200.jpeg 300w\" sizes=\"(max-width: 740px) 100vw, 740px\" \/>\t\t\t\t\t\t\t\t\t\t\t\t\t\t\t<\/div>\n\t\t\t\t<\/div>\n\t\t\t\t<div class=\"elementor-element elementor-element-64bc246 elementor-align-center elementor-widget elementor-widget-button\" data-id=\"64bc246\" data-element_type=\"widget\" data-e-type=\"widget\" data-widget_type=\"button.default\">\n\t\t\t\t<div class=\"elementor-widget-container\">\n\t\t\t\t\t\t\t\t\t<div class=\"elementor-button-wrapper\">\n\t\t\t\t\t<a class=\"elementor-button elementor-button-link elementor-size-sm\" href=\"https:\/\/hamme-solutions.eu\/index.php\/buchungen\/\">\n\t\t\t\t\t\t<span class=\"elementor-button-content-wrapper\">\n\t\t\t\t\t\t\t\t\t<span class=\"elementor-button-text\">Zum buchen klicken Sie hier!<\/span>\n\t\t\t\t\t<\/span>\n\t\t\t\t\t<\/a>\n\t\t\t\t<\/div>\n\t\t\t\t\t\t\t\t<\/div>\n\t\t\t\t<\/div>\n\t\t\t\t<\/div>\n\t\t<div class=\"elementor-element elementor-element-9d62f9c e-con-full e-flex e-con e-child\" data-id=\"9d62f9c\" data-element_type=\"container\" data-e-type=\"container\">\n\t\t\t\t<div class=\"elementor-element elementor-element-7204d11 elementor-widget elementor-widget-text-editor\" data-id=\"7204d11\" data-element_type=\"widget\" data-e-type=\"widget\" data-widget_type=\"text-editor.default\">\n\t\t\t\t<div class=\"elementor-widget-container\">\n\t\t\t\t\t\t\t\t\t<p class=\"Standard\"><span lang=\"DE\"><strong>Willkommen bei unserem Systemischen Online Coaching \u2013 Ihrem pers\u00f6nlichen Weg zu positiven Ver\u00e4nderungen und pers\u00f6nlichem Wachstum.<\/strong> Unser Online-Coaching bietet eine flexible und zug\u00e4ngliche M\u00f6glichkeit, individuelle Herausforderungen anzugehen, pers\u00f6nliche Ziele zu setzen und wirkungsvolle Strategien zur Selbstentwicklung zu entwickeln.<\/span><\/p><p class=\"Standard\"><span lang=\"DE\">Unsere erfahrenen Coaches nutzen systemische Ans\u00e4tze, um Sie auf Ihrem Weg zu begleiten. Wir verstehen, dass Ihr Leben ein komplexes Netz von Beziehungen, Erfahrungen und Herausforderungen ist. Durch das systemische Coaching helfen wir Ihnen, Zusammenh\u00e4nge zu erkennen, neue Perspektiven zu gewinnen und konkrete Schritte f\u00fcr Ver\u00e4nderungen zu entwickeln.<\/span><\/p><p class=\"Standard\"><span lang=\"DE\">Die Vorteile unseres Systemischen Online Coachings liegen in der Flexibilit\u00e4t, die es Ihnen erm\u00f6glicht, Sitzungen bequem von zu Hause aus oder von jedem Ort Ihrer Wahl zu absolvieren. Dabei wird die Qualit\u00e4t und Effektivit\u00e4t unserer Coaching-Sitzungen nicht beeintr\u00e4chtigt. Ob es um berufliche Weiterentwicklung, pers\u00f6nliche Krisenbew\u00e4ltigung oder das Erreichen Ihrer individuellen Ziele geht \u2013 wir sind hier, um Sie zu unterst\u00fctzen.<\/span><\/p><p class=\"Standard\"><span lang=\"DE\">Unser Online-Coachingsystem bietet Ihnen die M\u00f6glichkeit, in einem vertraulichen und unterst\u00fctzenden Umfeld an sich selbst zu arbeiten. Egal, ob Sie nach Klarheit in Bezug auf Ihre Ziele suchen, mit Stress umgehen m\u00fcssen oder Ihre pers\u00f6nlichen Beziehungen st\u00e4rken m\u00f6chten \u2013 wir helfen Ihnen, die Werkzeuge zu entwickeln, um positive Ver\u00e4nderungen in Ihrem Leben zu bewirken.<\/span><\/p><p class=\"Standard\"><span lang=\"DE\">Starten Sie noch heute Ihre Reise zu mehr Selbstbewusstsein und Lebenszufriedenheit. Vereinbaren Sie eine Systemische Online-Coaching-Sitzung und entdecken Sie, wie Sie Ihr volles Potenzial entfalten k\u00f6nnen, um ein erf\u00fclltes und ausgewogenes Leben zu f\u00fchren.<\/span><\/p>\t\t\t\t\t\t\t\t<\/div>\n\t\t\t\t<\/div>\n\t\t\t\t<\/div>\n\t\t\t\t\t<\/div>\n\t\t\t\t<\/div>\n\t\t\t\t\t<\/div>\n\t\t\t\t<\/div>\n\t\t\t\t<\/div>\n\t\t","protected":false},"excerpt":{"rendered":"<p>Zum buchen klicken Sie hier! Willkommen bei unserem Systemischen Online Coaching \u2013 Ihrem pers\u00f6nlichen Weg zu positiven Ver\u00e4nderungen und pers\u00f6nlichem Wachstum. Unser Online-Coaching bietet eine flexible und zug\u00e4ngliche M\u00f6glichkeit, individuelle Herausforderungen anzugehen, pers\u00f6nliche Ziele zu setzen und wirkungsvolle Strategien zur Selbstentwicklung zu entwickeln. Unsere erfahrenen Coaches nutzen systemische Ans\u00e4tze, um Sie auf Ihrem Weg zu [&hellip;]<\/p>\n","protected":false},"author":1,"featured_media":0,"parent":0,"menu_order":0,"comment_status":"closed","ping_status":"closed","template":"","meta":{"om_disable_all_campaigns":false,"_monsterinsights_skip_tracking":false,"_monsterinsights_sitenote_active":false,"_monsterinsights_sitenote_note":"","_monsterinsights_sitenote_category":0,"footnotes":""},"class_list":["post-492","page","type-page","status-publish","hentry"],"aioseo_notices":[],"_links":{"self":[{"href":"https:\/\/hamme-solutions.eu\/index.php\/wp-json\/wp\/v2\/pages\/492","targetHints":{"allow":["GET"]}}],"collection":[{"href":"https:\/\/hamme-solutions.eu\/index.php\/wp-json\/wp\/v2\/pages"}],"about":[{"href":"https:\/\/hamme-solutions.eu\/index.php\/wp-json\/wp\/v2\/types\/page"}],"author":[{"embeddable":true,"href":"https:\/\/hamme-solutions.eu\/index.php\/wp-json\/wp\/v2\/users\/1"}],"replies":[{"embeddable":true,"href":"https:\/\/hamme-solutions.eu\/index.php\/wp-json\/wp\/v2\/comments?post=492"}],"version-history":[{"count":16,"href":"https:\/\/hamme-solutions.eu\/index.php\/wp-json\/wp\/v2\/pages\/492\/revisions"}],"predecessor-version":[{"id":848,"href":"https:\/\/hamme-solutions.eu\/index.php\/wp-json\/wp\/v2\/pages\/492\/revisions\/848"}],"wp:attachment":[{"href":"https:\/\/hamme-solutions.eu\/index.php\/wp-json\/wp\/v2\/media?parent=492"}],"curies":[{"name":"wp","href":"https:\/\/api.w.org\/{rel}","templated":true}]}}