{"id":490,"date":"2024-03-02T10:30:07","date_gmt":"2024-03-02T10:30:07","guid":{"rendered":"https:\/\/hamme-solutions.eu\/?page_id=490"},"modified":"2024-03-03T12:58:36","modified_gmt":"2024-03-03T11:58:36","slug":"systemische-familientherapie_de","status":"publish","type":"page","link":"https:\/\/hamme-solutions.eu\/index.php\/systemische-familientherapie_de\/","title":{"rendered":"Systemische Familientherapie"},"content":{"rendered":"\t\t<div data-elementor-type=\"wp-page\" data-elementor-id=\"490\" class=\"elementor elementor-490\" data-elementor-post-type=\"page\">\n\t\t\t\t<div class=\"elementor-element elementor-element-ce49f57 e-flex e-con-boxed e-con e-parent\" data-id=\"ce49f57\" data-element_type=\"container\" data-e-type=\"container\">\n\t\t\t\t\t<div class=\"e-con-inner\">\n\t\t<div class=\"elementor-element elementor-element-2766531 e-flex e-con-boxed e-con e-child\" data-id=\"2766531\" data-element_type=\"container\" data-e-type=\"container\">\n\t\t\t\t\t<div class=\"e-con-inner\">\n\t\t\t\t<div class=\"elementor-element elementor-element-b82593f elementor-widget elementor-widget-image\" data-id=\"b82593f\" data-element_type=\"widget\" data-e-type=\"widget\" data-widget_type=\"image.default\">\n\t\t\t\t<div class=\"elementor-widget-container\">\n\t\t\t\t\t\t\t\t\t\t\t\t\t\t\t<img fetchpriority=\"high\" decoding=\"async\" width=\"1280\" height=\"444\" src=\"https:\/\/hamme-solutions.eu\/wp-content\/uploads\/2024\/03\/Top-1.jpg\" class=\"attachment-full size-full wp-image-724\" alt=\"\" srcset=\"https:\/\/hamme-solutions.eu\/wp-content\/uploads\/2024\/03\/Top-1.jpg 1280w, https:\/\/hamme-solutions.eu\/wp-content\/uploads\/2024\/03\/Top-1-300x104.jpg 300w, https:\/\/hamme-solutions.eu\/wp-content\/uploads\/2024\/03\/Top-1-1024x355.jpg 1024w, https:\/\/hamme-solutions.eu\/wp-content\/uploads\/2024\/03\/Top-1-768x266.jpg 768w\" sizes=\"(max-width: 1280px) 100vw, 1280px\" \/>\t\t\t\t\t\t\t\t\t\t\t\t\t\t\t<\/div>\n\t\t\t\t<\/div>\n\t\t\t\t<div class=\"elementor-element elementor-element-7072f7d elementor-widget elementor-widget-image\" data-id=\"7072f7d\" data-element_type=\"widget\" data-e-type=\"widget\" data-widget_type=\"image.default\">\n\t\t\t\t<div class=\"elementor-widget-container\">\n\t\t\t\t\t\t\t\t\t\t\t\t\t\t\t<img decoding=\"async\" width=\"1280\" height=\"176\" src=\"https:\/\/hamme-solutions.eu\/wp-content\/uploads\/2024\/03\/Systemische-Familientherapie.jpg\" class=\"attachment-full size-full wp-image-755\" alt=\"\" srcset=\"https:\/\/hamme-solutions.eu\/wp-content\/uploads\/2024\/03\/Systemische-Familientherapie.jpg 1280w, https:\/\/hamme-solutions.eu\/wp-content\/uploads\/2024\/03\/Systemische-Familientherapie-300x41.jpg 300w, https:\/\/hamme-solutions.eu\/wp-content\/uploads\/2024\/03\/Systemische-Familientherapie-1024x141.jpg 1024w, https:\/\/hamme-solutions.eu\/wp-content\/uploads\/2024\/03\/Systemische-Familientherapie-768x106.jpg 768w\" sizes=\"(max-width: 1280px) 100vw, 1280px\" \/>\t\t\t\t\t\t\t\t\t\t\t\t\t\t\t<\/div>\n\t\t\t\t<\/div>\n\t\t\t\t\t<\/div>\n\t\t\t\t<\/div>\n\t\t\t\t\t<\/div>\n\t\t\t\t<\/div>\n\t\t<div class=\"elementor-element elementor-element-fd412f0 e-flex e-con-boxed e-con e-parent\" data-id=\"fd412f0\" data-element_type=\"container\" data-e-type=\"container\">\n\t\t\t\t\t<div class=\"e-con-inner\">\n\t\t<div class=\"elementor-element elementor-element-856ff31 e-flex e-con-boxed e-con e-child\" data-id=\"856ff31\" data-element_type=\"container\" data-e-type=\"container\">\n\t\t\t\t\t<div class=\"e-con-inner\">\n\t\t<div class=\"elementor-element elementor-element-1157fcc e-con-full e-flex e-con e-child\" data-id=\"1157fcc\" data-element_type=\"container\" data-e-type=\"container\">\n\t\t\t\t<div class=\"elementor-element elementor-element-56c4e58 elementor-widget elementor-widget-image\" data-id=\"56c4e58\" data-element_type=\"widget\" data-e-type=\"widget\" data-widget_type=\"image.default\">\n\t\t\t\t<div class=\"elementor-widget-container\">\n\t\t\t\t\t\t\t\t\t\t\t\t\t\t\t<img decoding=\"async\" width=\"740\" height=\"493\" src=\"https:\/\/hamme-solutions.eu\/wp-content\/uploads\/2024\/02\/Systemische-Beratung-fur-Familien-e1532076019509.jpg\" class=\"attachment-large size-large wp-image-175\" alt=\"\" srcset=\"https:\/\/hamme-solutions.eu\/wp-content\/uploads\/2024\/02\/Systemische-Beratung-fur-Familien-e1532076019509.jpg 740w, https:\/\/hamme-solutions.eu\/wp-content\/uploads\/2024\/02\/Systemische-Beratung-fur-Familien-e1532076019509-300x200.jpg 300w\" sizes=\"(max-width: 740px) 100vw, 740px\" \/>\t\t\t\t\t\t\t\t\t\t\t\t\t\t\t<\/div>\n\t\t\t\t<\/div>\n\t\t\t\t<div class=\"elementor-element elementor-element-32629ee elementor-align-center elementor-widget elementor-widget-button\" data-id=\"32629ee\" data-element_type=\"widget\" data-e-type=\"widget\" data-widget_type=\"button.default\">\n\t\t\t\t<div class=\"elementor-widget-container\">\n\t\t\t\t\t\t\t\t\t<div class=\"elementor-button-wrapper\">\n\t\t\t\t\t<a class=\"elementor-button elementor-button-link elementor-size-sm\" href=\"https:\/\/hamme-solutions.eu\/index.php\/buchungen\/\">\n\t\t\t\t\t\t<span class=\"elementor-button-content-wrapper\">\n\t\t\t\t\t\t\t\t\t<span class=\"elementor-button-text\">Zum buchen klicken Sie hier!<\/span>\n\t\t\t\t\t<\/span>\n\t\t\t\t\t<\/a>\n\t\t\t\t<\/div>\n\t\t\t\t\t\t\t\t<\/div>\n\t\t\t\t<\/div>\n\t\t\t\t<\/div>\n\t\t<div class=\"elementor-element elementor-element-3ff292b e-con-full e-flex e-con e-child\" data-id=\"3ff292b\" data-element_type=\"container\" data-e-type=\"container\">\n\t\t\t\t<div class=\"elementor-element elementor-element-c568c19 elementor-widget elementor-widget-text-editor\" data-id=\"c568c19\" data-element_type=\"widget\" data-e-type=\"widget\" data-widget_type=\"text-editor.default\">\n\t\t\t\t<div class=\"elementor-widget-container\">\n\t\t\t\t\t\t\t\t\t<p class=\"Standard\"><span lang=\"DE\">Herzlich willkommen auf unserer Online-Plattform f\u00fcr Systemische Familientherapie. Wir verstehen, dass Familien vielf\u00e4ltige Herausforderungen bew\u00e4ltigen m\u00fcssen, und bieten Ihnen die M\u00f6glichkeit, professionelle Unterst\u00fctzung bequem von zu Hause aus zu erhalten. Unsere erfahrenen Therapeuten stehen Ihnen online zur Verf\u00fcgung, um Sie durch den Prozess der systemischen Familientherapie zu f\u00fchren und Ihnen dabei zu helfen, positive Ver\u00e4nderungen in Ihrer Familiendynamik herbeizuf\u00fchren.<\/span><\/p><p class=\"Standard\"><span lang=\"DE\">Die Systemische Familientherapie betrachtet die Familie als ein komplexes System, in dem jedes Mitglied eine einzigartige Rolle spielt. Unser Ansatz konzentriert sich darauf, die Interaktionen und Muster innerhalb der Familie zu verstehen, um gemeinsam L\u00f6sungen zu entwickeln. Die Online-Plattform erm\u00f6glicht es Ihnen, Therapiesitzungen flexibel in Ihren Alltag zu integrieren, ohne auf die professionelle Begleitung zu verzichten.<\/span><\/p><p class=\"Standard\"><span lang=\"DE\">Egal, ob Sie mit Kommunikationsproblemen, Konflikten zwischen Familienmitgliedern oder anderen Herausforderungen konfrontiert sind \u2013 wir sind hier, um Ihnen zu helfen. In den Online-Sitzungen schaffen wir einen sicheren Raum, in dem Sie offen \u00fcber Ihre Gef\u00fchle sprechen k\u00f6nnen, und unterst\u00fctzen Sie dabei, gemeinsam positive Ver\u00e4nderungen zu initiieren.<\/span><\/p><p class=\"Standard\"><span lang=\"DE\">Die Vorteile der Systemischen Familientherapie online liegen nicht nur in der Flexibilit\u00e4t, sondern auch darin, dass Familienmitglieder von verschiedenen Orten aus teilnehmen k\u00f6nnen. Dies erm\u00f6glicht es, individuelle Perspektiven zu ber\u00fccksichtigen und gemeinsam an L\u00f6sungen zu arbeiten. Wir glauben daran, dass eine starke famili\u00e4re Unterst\u00fctzung die Grundlage f\u00fcr das Wohlbefinden jedes Einzelnen bildet.<\/span><\/p><p class=\"Standard\"><span lang=\"DE\">Beginnen Sie den Weg zu einer harmonischeren und unterst\u00fctzenden Familiendynamik. Vereinbaren Sie noch heute eine Online-Sitzung f\u00fcr Systemische Familientherapie und erleben Sie, wie positive Ver\u00e4nderungen das Zusammenleben in Ihrer Familie bereichern k\u00f6nnen.<\/span><\/p>\t\t\t\t\t\t\t\t<\/div>\n\t\t\t\t<\/div>\n\t\t\t\t<\/div>\n\t\t\t\t\t<\/div>\n\t\t\t\t<\/div>\n\t\t\t\t\t<\/div>\n\t\t\t\t<\/div>\n\t\t\t\t<\/div>\n\t\t","protected":false},"excerpt":{"rendered":"<p>Zum buchen klicken Sie hier! Herzlich willkommen auf unserer Online-Plattform f\u00fcr Systemische Familientherapie. Wir verstehen, dass Familien vielf\u00e4ltige Herausforderungen bew\u00e4ltigen m\u00fcssen, und bieten Ihnen die M\u00f6glichkeit, professionelle Unterst\u00fctzung bequem von zu Hause aus zu erhalten. Unsere erfahrenen Therapeuten stehen Ihnen online zur Verf\u00fcgung, um Sie durch den Prozess der systemischen Familientherapie zu f\u00fchren und Ihnen [&hellip;]<\/p>\n","protected":false},"author":1,"featured_media":0,"parent":0,"menu_order":0,"comment_status":"closed","ping_status":"closed","template":"","meta":{"om_disable_all_campaigns":false,"_monsterinsights_skip_tracking":false,"_monsterinsights_sitenote_active":false,"_monsterinsights_sitenote_note":"","_monsterinsights_sitenote_category":0,"footnotes":""},"class_list":["post-490","page","type-page","status-publish","hentry"],"aioseo_notices":[],"_links":{"self":[{"href":"https:\/\/hamme-solutions.eu\/index.php\/wp-json\/wp\/v2\/pages\/490","targetHints":{"allow":["GET"]}}],"collection":[{"href":"https:\/\/hamme-solutions.eu\/index.php\/wp-json\/wp\/v2\/pages"}],"about":[{"href":"https:\/\/hamme-solutions.eu\/index.php\/wp-json\/wp\/v2\/types\/page"}],"author":[{"embeddable":true,"href":"https:\/\/hamme-solutions.eu\/index.php\/wp-json\/wp\/v2\/users\/1"}],"replies":[{"embeddable":true,"href":"https:\/\/hamme-solutions.eu\/index.php\/wp-json\/wp\/v2\/comments?post=490"}],"version-history":[{"count":16,"href":"https:\/\/hamme-solutions.eu\/index.php\/wp-json\/wp\/v2\/pages\/490\/revisions"}],"predecessor-version":[{"id":836,"href":"https:\/\/hamme-solutions.eu\/index.php\/wp-json\/wp\/v2\/pages\/490\/revisions\/836"}],"wp:attachment":[{"href":"https:\/\/hamme-solutions.eu\/index.php\/wp-json\/wp\/v2\/media?parent=490"}],"curies":[{"name":"wp","href":"https:\/\/api.w.org\/{rel}","templated":true}]}}