{"id":269,"date":"2024-02-26T13:45:42","date_gmt":"2024-02-26T13:45:42","guid":{"rendered":"https:\/\/hamme-solutions.eu\/?page_id=269"},"modified":"2024-03-11T15:05:59","modified_gmt":"2024-03-11T14:05:59","slug":"paartherapie_de","status":"publish","type":"page","link":"https:\/\/hamme-solutions.eu\/index.php\/paartherapie_de\/","title":{"rendered":"Paartherapie"},"content":{"rendered":"\t\t<div data-elementor-type=\"wp-page\" data-elementor-id=\"269\" class=\"elementor elementor-269\" data-elementor-post-type=\"page\">\n\t\t\t\t<div class=\"elementor-element elementor-element-ed14211 e-flex e-con-boxed e-con e-parent\" data-id=\"ed14211\" data-element_type=\"container\" data-e-type=\"container\">\n\t\t\t\t\t<div class=\"e-con-inner\">\n\t\t\t\t<div class=\"elementor-element elementor-element-4e276b2 elementor-widget elementor-widget-image\" data-id=\"4e276b2\" data-element_type=\"widget\" data-e-type=\"widget\" data-widget_type=\"image.default\">\n\t\t\t\t<div class=\"elementor-widget-container\">\n\t\t\t\t\t\t\t\t\t\t\t\t\t\t\t<img fetchpriority=\"high\" decoding=\"async\" width=\"1280\" height=\"444\" src=\"https:\/\/hamme-solutions.eu\/wp-content\/uploads\/2024\/03\/Top-1.jpg\" class=\"attachment-full size-full wp-image-724\" alt=\"\" srcset=\"https:\/\/hamme-solutions.eu\/wp-content\/uploads\/2024\/03\/Top-1.jpg 1280w, https:\/\/hamme-solutions.eu\/wp-content\/uploads\/2024\/03\/Top-1-300x104.jpg 300w, https:\/\/hamme-solutions.eu\/wp-content\/uploads\/2024\/03\/Top-1-1024x355.jpg 1024w, https:\/\/hamme-solutions.eu\/wp-content\/uploads\/2024\/03\/Top-1-768x266.jpg 768w\" sizes=\"(max-width: 1280px) 100vw, 1280px\" \/>\t\t\t\t\t\t\t\t\t\t\t\t\t\t\t<\/div>\n\t\t\t\t<\/div>\n\t\t\t\t<div class=\"elementor-element elementor-element-6b51a37 elementor-widget elementor-widget-image\" data-id=\"6b51a37\" data-element_type=\"widget\" data-e-type=\"widget\" data-widget_type=\"image.default\">\n\t\t\t\t<div class=\"elementor-widget-container\">\n\t\t\t\t\t\t\t\t\t\t\t\t\t\t\t<img decoding=\"async\" width=\"1280\" height=\"176\" src=\"https:\/\/hamme-solutions.eu\/wp-content\/uploads\/2024\/03\/Paartherapie-.jpg\" class=\"attachment-full size-full wp-image-731\" alt=\"\" srcset=\"https:\/\/hamme-solutions.eu\/wp-content\/uploads\/2024\/03\/Paartherapie-.jpg 1280w, https:\/\/hamme-solutions.eu\/wp-content\/uploads\/2024\/03\/Paartherapie--300x41.jpg 300w, https:\/\/hamme-solutions.eu\/wp-content\/uploads\/2024\/03\/Paartherapie--1024x141.jpg 1024w, https:\/\/hamme-solutions.eu\/wp-content\/uploads\/2024\/03\/Paartherapie--768x106.jpg 768w\" sizes=\"(max-width: 1280px) 100vw, 1280px\" \/>\t\t\t\t\t\t\t\t\t\t\t\t\t\t\t<\/div>\n\t\t\t\t<\/div>\n\t\t\t\t\t<\/div>\n\t\t\t\t<\/div>\n\t\t<div class=\"elementor-element elementor-element-84fd7b1 e-flex e-con-boxed e-con e-parent\" data-id=\"84fd7b1\" data-element_type=\"container\" data-e-type=\"container\">\n\t\t\t\t\t<div class=\"e-con-inner\">\n\t\t<div class=\"elementor-element elementor-element-d4aab67 e-con-full e-flex e-con e-child\" data-id=\"d4aab67\" data-element_type=\"container\" data-e-type=\"container\">\n\t\t\t\t<div class=\"elementor-element elementor-element-c5c9905 elementor-widget elementor-widget-image\" data-id=\"c5c9905\" data-element_type=\"widget\" data-e-type=\"widget\" data-widget_type=\"image.default\">\n\t\t\t\t<div class=\"elementor-widget-container\">\n\t\t\t\t\t\t\t\t\t\t\t\t\t\t\t<img decoding=\"async\" width=\"740\" height=\"493\" src=\"https:\/\/hamme-solutions.eu\/wp-content\/uploads\/2024\/02\/Systemische-Beratung-fur-Paare-e1532076027756.jpeg\" class=\"attachment-large size-large wp-image-180\" alt=\"\" srcset=\"https:\/\/hamme-solutions.eu\/wp-content\/uploads\/2024\/02\/Systemische-Beratung-fur-Paare-e1532076027756.jpeg 740w, https:\/\/hamme-solutions.eu\/wp-content\/uploads\/2024\/02\/Systemische-Beratung-fur-Paare-e1532076027756-300x200.jpeg 300w\" sizes=\"(max-width: 740px) 100vw, 740px\" \/>\t\t\t\t\t\t\t\t\t\t\t\t\t\t\t<\/div>\n\t\t\t\t<\/div>\n\t\t\t\t<div class=\"elementor-element elementor-element-ee4332c elementor-align-center elementor-widget elementor-widget-button\" data-id=\"ee4332c\" data-element_type=\"widget\" data-e-type=\"widget\" data-widget_type=\"button.default\">\n\t\t\t\t<div class=\"elementor-widget-container\">\n\t\t\t\t\t\t\t\t\t<div class=\"elementor-button-wrapper\">\n\t\t\t\t\t<a class=\"elementor-button elementor-button-link elementor-size-sm\" href=\"https:\/\/hamme-solutions.eu\/index.php\/buchungen\/\">\n\t\t\t\t\t\t<span class=\"elementor-button-content-wrapper\">\n\t\t\t\t\t\t\t\t\t<span class=\"elementor-button-text\">Zum buchen klicken Sie hier!<\/span>\n\t\t\t\t\t<\/span>\n\t\t\t\t\t<\/a>\n\t\t\t\t<\/div>\n\t\t\t\t\t\t\t\t<\/div>\n\t\t\t\t<\/div>\n\t\t\t\t<\/div>\n\t\t<div class=\"elementor-element elementor-element-6bb9f07 e-con-full e-flex e-con e-child\" data-id=\"6bb9f07\" data-element_type=\"container\" data-e-type=\"container\">\n\t\t\t\t<div class=\"elementor-element elementor-element-47afdd5 elementor-widget elementor-widget-text-editor\" data-id=\"47afdd5\" data-element_type=\"widget\" data-e-type=\"widget\" data-widget_type=\"text-editor.default\">\n\t\t\t\t<div class=\"elementor-widget-container\">\n\t\t\t\t\t\t\t\t\t<p class=\"Standard\"><span lang=\"DE\"><strong>Willkommen bei unserer Online-Plattform f\u00fcr Paartherapie<\/strong> \u2013 ein Ort, an dem Beziehungen gedeihen und Verbindungen gest\u00e4rkt werden. In unserer digitalen Umgebung bieten ich professionelle Paartherapie an, die sich auf systemische Ans\u00e4tze st\u00fctzt. Egal, ob Sie vor Herausforderungen in Ihrer Beziehung stehen, Kommunikationsprobleme \u00fcberwinden wollen oder einfach nach Wegen suchen, Ihre Partnerschaft zu vertiefen \u2013 wir sind hier, um Sie zu unterst\u00fctzen.<\/span><\/p><p class=\"Standard\"><span lang=\"DE\">Unsere erfahrenen Therapeuten verstehen, dass jede Beziehung einzigartig ist. Mit Hilfe der systemischen Paartherapie erm\u00f6glichen wir Ihnen, gemeinsam neue Perspektiven zu entdecken, Verst\u00e4ndnis aufzubauen und konstruktive L\u00f6sungen zu finden. Der virtuelle Raum bietet dabei die Flexibilit\u00e4t, die Sitzungen bequem von zu Hause aus zu absolvieren, ohne Kompromisse bei der Qualit\u00e4t der Therapie einzugehen.<\/span><\/p><p class=\"Standard\"><span lang=\"DE\">Die Vorteile unserer Online-Paartherapie umfassen nicht nur die zeitliche und r\u00e4umliche Flexibilit\u00e4t, sondern auch die M\u00f6glichkeit, die Sitzungen gemeinsam oder auch einzeln durchzuf\u00fchren \u2013 je nach Ihren Bed\u00fcrfnissen und Pr\u00e4ferenzen. Wir schaffen einen sicheren Raum, in dem Sie offen \u00fcber Ihre Gef\u00fchle sprechen k\u00f6nnen, ohne die physische Distanz zu Ihrem Therapeuten als H\u00fcrde zu empfinden.<\/span><\/p><p class=\"Standard\"><span lang=\"DE\">Egal, ob Sie frisch verliebt sind, eine langj\u00e4hrige Beziehung pflegen oder mit schwierigen Situationen konfrontiert sind \u2013 unsere Online-Paartherapie steht Ihnen zur Verf\u00fcgung. Investieren Sie in die Zukunft Ihrer Beziehung und entdecken Sie, wie eine systemische Perspektive Ihnen helfen kann, die Dynamik zu verstehen und positive Ver\u00e4nderungen herbeizuf\u00fchren.<\/span><\/p><p class=\"Standard\"><span lang=\"DE\">Beginnen Sie Ihren Weg zu einer gesunden und erf\u00fcllten Partnerschaft noch heute. Vereinbaren Sie eine Online-Paartherapie-Sitzung und setzen Sie den ersten Schritt zu einer tieferen Verbindung und einem liebevolleren Miteinander.<\/span><\/p>\t\t\t\t\t\t\t\t<\/div>\n\t\t\t\t<\/div>\n\t\t\t\t<\/div>\n\t\t\t\t\t<\/div>\n\t\t\t\t<\/div>\n\t\t\t\t<\/div>\n\t\t","protected":false},"excerpt":{"rendered":"<p>Zum buchen klicken Sie hier! Willkommen bei unserer Online-Plattform f\u00fcr Paartherapie \u2013 ein Ort, an dem Beziehungen gedeihen und Verbindungen gest\u00e4rkt werden. In unserer digitalen Umgebung bieten ich professionelle Paartherapie an, die sich auf systemische Ans\u00e4tze st\u00fctzt. Egal, ob Sie vor Herausforderungen in Ihrer Beziehung stehen, Kommunikationsprobleme \u00fcberwinden wollen oder einfach nach Wegen suchen, Ihre [&hellip;]<\/p>\n","protected":false},"author":1,"featured_media":0,"parent":0,"menu_order":0,"comment_status":"closed","ping_status":"closed","template":"","meta":{"om_disable_all_campaigns":false,"_monsterinsights_skip_tracking":false,"_monsterinsights_sitenote_active":false,"_monsterinsights_sitenote_note":"","_monsterinsights_sitenote_category":0,"footnotes":""},"class_list":["post-269","page","type-page","status-publish","hentry"],"aioseo_notices":[],"_links":{"self":[{"href":"https:\/\/hamme-solutions.eu\/index.php\/wp-json\/wp\/v2\/pages\/269","targetHints":{"allow":["GET"]}}],"collection":[{"href":"https:\/\/hamme-solutions.eu\/index.php\/wp-json\/wp\/v2\/pages"}],"about":[{"href":"https:\/\/hamme-solutions.eu\/index.php\/wp-json\/wp\/v2\/types\/page"}],"author":[{"embeddable":true,"href":"https:\/\/hamme-solutions.eu\/index.php\/wp-json\/wp\/v2\/users\/1"}],"replies":[{"embeddable":true,"href":"https:\/\/hamme-solutions.eu\/index.php\/wp-json\/wp\/v2\/comments?post=269"}],"version-history":[{"count":81,"href":"https:\/\/hamme-solutions.eu\/index.php\/wp-json\/wp\/v2\/pages\/269\/revisions"}],"predecessor-version":[{"id":1135,"href":"https:\/\/hamme-solutions.eu\/index.php\/wp-json\/wp\/v2\/pages\/269\/revisions\/1135"}],"wp:attachment":[{"href":"https:\/\/hamme-solutions.eu\/index.php\/wp-json\/wp\/v2\/media?parent=269"}],"curies":[{"name":"wp","href":"https:\/\/api.w.org\/{rel}","templated":true}]}}