{"id":121,"date":"2024-02-25T10:41:12","date_gmt":"2024-02-25T10:41:12","guid":{"rendered":"https:\/\/hamme-solutions.eu\/?page_id=121"},"modified":"2024-09-07T12:36:36","modified_gmt":"2024-09-07T10:36:36","slug":"psychosoziale-beratung_de","status":"publish","type":"page","link":"https:\/\/hamme-solutions.eu\/index.php\/psychosoziale-beratung_de\/","title":{"rendered":"Psychosoziale Beratung"},"content":{"rendered":"\t\t<div data-elementor-type=\"wp-page\" data-elementor-id=\"121\" class=\"elementor elementor-121\" data-elementor-post-type=\"page\">\n\t\t\t\t<div class=\"elementor-element elementor-element-982ac4e e-flex e-con-boxed e-con e-parent\" data-id=\"982ac4e\" data-element_type=\"container\" data-e-type=\"container\">\n\t\t\t\t\t<div class=\"e-con-inner\">\n\t\t<div class=\"elementor-element elementor-element-7249a4b e-flex e-con-boxed e-con e-child\" data-id=\"7249a4b\" data-element_type=\"container\" data-e-type=\"container\">\n\t\t\t\t\t<div class=\"e-con-inner\">\n\t\t\t\t<div class=\"elementor-element elementor-element-e7d2764 elementor-widget elementor-widget-image\" data-id=\"e7d2764\" data-element_type=\"widget\" data-e-type=\"widget\" data-widget_type=\"image.default\">\n\t\t\t\t<div class=\"elementor-widget-container\">\n\t\t\t\t\t\t\t\t\t\t\t\t\t\t\t<img fetchpriority=\"high\" decoding=\"async\" width=\"1280\" height=\"444\" src=\"https:\/\/hamme-solutions.eu\/wp-content\/uploads\/2024\/03\/Top-1.jpg\" class=\"attachment-full size-full wp-image-724\" alt=\"\" srcset=\"https:\/\/hamme-solutions.eu\/wp-content\/uploads\/2024\/03\/Top-1.jpg 1280w, https:\/\/hamme-solutions.eu\/wp-content\/uploads\/2024\/03\/Top-1-300x104.jpg 300w, https:\/\/hamme-solutions.eu\/wp-content\/uploads\/2024\/03\/Top-1-1024x355.jpg 1024w, https:\/\/hamme-solutions.eu\/wp-content\/uploads\/2024\/03\/Top-1-768x266.jpg 768w\" sizes=\"(max-width: 1280px) 100vw, 1280px\" \/>\t\t\t\t\t\t\t\t\t\t\t\t\t\t\t<\/div>\n\t\t\t\t<\/div>\n\t\t\t\t<div class=\"elementor-element elementor-element-5de7d39 elementor-widget elementor-widget-image\" data-id=\"5de7d39\" data-element_type=\"widget\" data-e-type=\"widget\" data-widget_type=\"image.default\">\n\t\t\t\t<div class=\"elementor-widget-container\">\n\t\t\t\t\t\t\t\t\t\t\t\t\t\t\t<img decoding=\"async\" width=\"1280\" height=\"176\" src=\"https:\/\/hamme-solutions.eu\/wp-content\/uploads\/2024\/03\/Psychosoziale-Beratung.jpg\" class=\"attachment-full size-full wp-image-735\" alt=\"\" srcset=\"https:\/\/hamme-solutions.eu\/wp-content\/uploads\/2024\/03\/Psychosoziale-Beratung.jpg 1280w, https:\/\/hamme-solutions.eu\/wp-content\/uploads\/2024\/03\/Psychosoziale-Beratung-300x41.jpg 300w, https:\/\/hamme-solutions.eu\/wp-content\/uploads\/2024\/03\/Psychosoziale-Beratung-1024x141.jpg 1024w, https:\/\/hamme-solutions.eu\/wp-content\/uploads\/2024\/03\/Psychosoziale-Beratung-768x106.jpg 768w\" sizes=\"(max-width: 1280px) 100vw, 1280px\" \/>\t\t\t\t\t\t\t\t\t\t\t\t\t\t\t<\/div>\n\t\t\t\t<\/div>\n\t\t\t\t\t<\/div>\n\t\t\t\t<\/div>\n\t\t\t\t\t<\/div>\n\t\t\t\t<\/div>\n\t\t<div class=\"elementor-element elementor-element-20a901a e-flex e-con-boxed e-con e-parent\" data-id=\"20a901a\" data-element_type=\"container\" data-e-type=\"container\">\n\t\t\t\t\t<div class=\"e-con-inner\">\n\t\t<div class=\"elementor-element elementor-element-db4d60d e-flex e-con-boxed e-con e-child\" data-id=\"db4d60d\" data-element_type=\"container\" data-e-type=\"container\">\n\t\t\t\t\t<div class=\"e-con-inner\">\n\t\t<div class=\"elementor-element elementor-element-99e6dda e-con-full e-flex e-con e-child\" data-id=\"99e6dda\" data-element_type=\"container\" data-e-type=\"container\">\n\t\t\t\t<div class=\"elementor-element elementor-element-49ab661 elementor-widget elementor-widget-image\" data-id=\"49ab661\" data-element_type=\"widget\" data-e-type=\"widget\" data-widget_type=\"image.default\">\n\t\t\t\t<div class=\"elementor-widget-container\">\n\t\t\t\t\t\t\t\t\t\t\t\t\t\t\t<img decoding=\"async\" width=\"300\" height=\"197\" src=\"https:\/\/hamme-solutions.eu\/wp-content\/uploads\/2024\/03\/Psychosoziale.jpg\" class=\"attachment-large size-large wp-image-780\" alt=\"\" \/>\t\t\t\t\t\t\t\t\t\t\t\t\t\t\t<\/div>\n\t\t\t\t<\/div>\n\t\t\t\t<div class=\"elementor-element elementor-element-74c2ad4 elementor-align-center elementor-widget elementor-widget-button\" data-id=\"74c2ad4\" data-element_type=\"widget\" data-e-type=\"widget\" data-widget_type=\"button.default\">\n\t\t\t\t<div class=\"elementor-widget-container\">\n\t\t\t\t\t\t\t\t\t<div class=\"elementor-button-wrapper\">\n\t\t\t\t\t<a class=\"elementor-button elementor-button-link elementor-size-sm\" href=\"https:\/\/hamme-solutions.eu\/index.php\/buchungen\/\">\n\t\t\t\t\t\t<span class=\"elementor-button-content-wrapper\">\n\t\t\t\t\t\t\t\t\t<span class=\"elementor-button-text\">Zum buchen klicken Sie hier!<\/span>\n\t\t\t\t\t<\/span>\n\t\t\t\t\t<\/a>\n\t\t\t\t<\/div>\n\t\t\t\t\t\t\t\t<\/div>\n\t\t\t\t<\/div>\n\t\t\t\t<\/div>\n\t\t<div class=\"elementor-element elementor-element-a72a393 e-con-full e-flex e-con e-child\" data-id=\"a72a393\" data-element_type=\"container\" data-e-type=\"container\">\n\t\t\t\t<div class=\"elementor-element elementor-element-92b7008 elementor-widget elementor-widget-text-editor\" data-id=\"92b7008\" data-element_type=\"widget\" data-e-type=\"widget\" data-widget_type=\"text-editor.default\">\n\t\t\t\t<div class=\"elementor-widget-container\">\n\t\t\t\t\t\t\t\t\t<h5><strong><span lang=\"DE\">Mental Health Beratung f\u00fcr den Einklang von Familie und Beruf, Stressmanagement und Zukunftsperspektiven<\/span><\/strong><\/h5><p class=\"Standard\"><span lang=\"DE\">Herzlich willkommen bei unserer Mental Health Onlineberatung \u2013 einem Raum, der darauf ausgerichtet ist, Sie auf Ihrem Weg zu einem ausgewogenen Leben zu begleiten. Wir verstehen die Herausforderungen, die der Einklang von Familie und Beruf, Stress und die Unsicherheiten der Zukunft mit sich bringen k\u00f6nnen. Unsere Beratung bietet Ihnen die Unterst\u00fctzung, die Sie ben\u00f6tigen, um diese Herausforderungen zu bew\u00e4ltigen und Ihr Wohlbefinden zu steigern.<\/span><\/p>\t\t\t\t\t\t\t\t<\/div>\n\t\t\t\t<\/div>\n\t\t\t\t<div class=\"elementor-element elementor-element-f772538 elementor-widget elementor-widget-heading\" data-id=\"f772538\" data-element_type=\"widget\" data-e-type=\"widget\" data-widget_type=\"heading.default\">\n\t\t\t\t<div class=\"elementor-widget-container\">\n\t\t\t\t\t<h5 class=\"elementor-heading-title elementor-size-default\">Unsere Schwerpunkte:<\/h5>\t\t\t\t<\/div>\n\t\t\t\t<\/div>\n\t\t<div class=\"elementor-element elementor-element-6d686f8 e-con-full e-flex e-con e-child\" data-id=\"6d686f8\" data-element_type=\"container\" data-e-type=\"container\" data-settings=\"{&quot;background_background&quot;:&quot;classic&quot;}\">\n\t\t\t\t<div class=\"elementor-element elementor-element-c71ac87 elementor-widget elementor-widget-heading\" data-id=\"c71ac87\" data-element_type=\"widget\" data-e-type=\"widget\" data-widget_type=\"heading.default\">\n\t\t\t\t<div class=\"elementor-widget-container\">\n\t\t\t\t\t<h6 class=\"elementor-heading-title elementor-size-default\">Einklang von Familie und Beruf:<\/h6>\t\t\t\t<\/div>\n\t\t\t\t<\/div>\n\t\t\t\t<div class=\"elementor-element elementor-element-f363634 elementor-widget elementor-widget-text-editor\" data-id=\"f363634\" data-element_type=\"widget\" data-e-type=\"widget\" data-widget_type=\"text-editor.default\">\n\t\t\t\t<div class=\"elementor-widget-container\">\n\t\t\t\t\t\t\t\t\t<p class=\"Standard\"><span lang=\"DE\">Wir unterst\u00fctzen Sie dabei, Strategien zu entwickeln, um die Anforderungen von Familie und Beruf erfolgreich zu balancieren. Gemeinsam erarbeiten wir Wege, wie Sie sowohl beruflich als auch famili\u00e4r erf\u00fcllt leben k\u00f6nnen.<\/span><\/p>\t\t\t\t\t\t\t\t<\/div>\n\t\t\t\t<\/div>\n\t\t\t\t<\/div>\n\t\t<div class=\"elementor-element elementor-element-5dc5ce6 e-con-full e-flex e-con e-child\" data-id=\"5dc5ce6\" data-element_type=\"container\" data-e-type=\"container\" data-settings=\"{&quot;background_background&quot;:&quot;classic&quot;}\">\n\t\t\t\t<div class=\"elementor-element elementor-element-f556786 elementor-widget elementor-widget-heading\" data-id=\"f556786\" data-element_type=\"widget\" data-e-type=\"widget\" data-widget_type=\"heading.default\">\n\t\t\t\t<div class=\"elementor-widget-container\">\n\t\t\t\t\t<h6 class=\"elementor-heading-title elementor-size-default\">Stressmanagement:<\/h6>\t\t\t\t<\/div>\n\t\t\t\t<\/div>\n\t\t\t\t<div class=\"elementor-element elementor-element-4dad4fc elementor-widget elementor-widget-text-editor\" data-id=\"4dad4fc\" data-element_type=\"widget\" data-e-type=\"widget\" data-widget_type=\"text-editor.default\">\n\t\t\t\t<div class=\"elementor-widget-container\">\n\t\t\t\t\t\t\t\t\t<p class=\"Standard\"><span lang=\"DE\">In unserer Onlineberatung bieten wir Ihnen Werkzeuge und Techniken, um mit Stress effektiv umzugehen. Wir helfen Ihnen dabei, Stressoren zu identifizieren und gesunde Bew\u00e4ltigungsstrategien zu entwickeln.<\/span><\/p>\t\t\t\t\t\t\t\t<\/div>\n\t\t\t\t<\/div>\n\t\t\t\t<\/div>\n\t\t<div class=\"elementor-element elementor-element-529a95e e-con-full e-flex e-con e-child\" data-id=\"529a95e\" data-element_type=\"container\" data-e-type=\"container\" data-settings=\"{&quot;background_background&quot;:&quot;classic&quot;}\">\n\t\t\t\t<div class=\"elementor-element elementor-element-0dae0b6 elementor-widget elementor-widget-heading\" data-id=\"0dae0b6\" data-element_type=\"widget\" data-e-type=\"widget\" data-widget_type=\"heading.default\">\n\t\t\t\t<div class=\"elementor-widget-container\">\n\t\t\t\t\t<h6 class=\"elementor-heading-title elementor-size-default\">Zukunftsperspektiven:<\/h6>\t\t\t\t<\/div>\n\t\t\t\t<\/div>\n\t\t\t\t<div class=\"elementor-element elementor-element-c8ed7d2 elementor-widget elementor-widget-text-editor\" data-id=\"c8ed7d2\" data-element_type=\"widget\" data-e-type=\"widget\" data-widget_type=\"text-editor.default\">\n\t\t\t\t<div class=\"elementor-widget-container\">\n\t\t\t\t\t\t\t\t\t<p class=\"Standard\"><span lang=\"DE\">Wir begleiten Sie bei der Gestaltung Ihrer Zukunft und unterst\u00fctzen Sie dabei, klare Ziele zu setzen. Gemeinsam entwickeln wir Strategien, um Unsicherheiten zu minimieren und positiv in die Zukunft zu blicken.<\/span><\/p>\t\t\t\t\t\t\t\t<\/div>\n\t\t\t\t<\/div>\n\t\t\t\t<\/div>\n\t\t\t\t<div class=\"elementor-element elementor-element-b23a119 elementor-widget elementor-widget-heading\" data-id=\"b23a119\" data-element_type=\"widget\" data-e-type=\"widget\" data-widget_type=\"heading.default\">\n\t\t\t\t<div class=\"elementor-widget-container\">\n\t\t\t\t\t<h5 class=\"elementor-heading-title elementor-size-default\">Unsere Prinzipien:<\/h5>\t\t\t\t<\/div>\n\t\t\t\t<\/div>\n\t\t<div class=\"elementor-element elementor-element-8349507 e-con-full e-flex e-con e-child\" data-id=\"8349507\" data-element_type=\"container\" data-e-type=\"container\" data-settings=\"{&quot;background_background&quot;:&quot;classic&quot;}\">\n\t\t\t\t<div class=\"elementor-element elementor-element-16ee6e8 elementor-widget elementor-widget-heading\" data-id=\"16ee6e8\" data-element_type=\"widget\" data-e-type=\"widget\" data-widget_type=\"heading.default\">\n\t\t\t\t<div class=\"elementor-widget-container\">\n\t\t\t\t\t<h6 class=\"elementor-heading-title elementor-size-default\">Vertraulichkeit:<\/h6>\t\t\t\t<\/div>\n\t\t\t\t<\/div>\n\t\t\t\t<div class=\"elementor-element elementor-element-8abc3c3 elementor-widget elementor-widget-text-editor\" data-id=\"8abc3c3\" data-element_type=\"widget\" data-e-type=\"widget\" data-widget_type=\"text-editor.default\">\n\t\t\t\t<div class=\"elementor-widget-container\">\n\t\t\t\t\t\t\t\t\t<p class=\"Standard\"><span lang=\"DE\">Jede Beratungssitzung erfolgt vertraulich, um Ihnen einen sicheren Raum f\u00fcr offene Gespr\u00e4che zu bieten.<\/span><\/p>\t\t\t\t\t\t\t\t<\/div>\n\t\t\t\t<\/div>\n\t\t\t\t<\/div>\n\t\t<div class=\"elementor-element elementor-element-396da7d e-con-full e-flex e-con e-child\" data-id=\"396da7d\" data-element_type=\"container\" data-e-type=\"container\" data-settings=\"{&quot;background_background&quot;:&quot;classic&quot;}\">\n\t\t\t\t<div class=\"elementor-element elementor-element-512a1f4 elementor-widget elementor-widget-heading\" data-id=\"512a1f4\" data-element_type=\"widget\" data-e-type=\"widget\" data-widget_type=\"heading.default\">\n\t\t\t\t<div class=\"elementor-widget-container\">\n\t\t\t\t\t<h6 class=\"elementor-heading-title elementor-size-default\">Wertsch\u00e4tzung:<\/h6>\t\t\t\t<\/div>\n\t\t\t\t<\/div>\n\t\t\t\t<div class=\"elementor-element elementor-element-fcee3f2 elementor-widget elementor-widget-text-editor\" data-id=\"fcee3f2\" data-element_type=\"widget\" data-e-type=\"widget\" data-widget_type=\"text-editor.default\">\n\t\t\t\t<div class=\"elementor-widget-container\">\n\t\t\t\t\t\t\t\t\t<p class=\"Standard\"><span lang=\"DE\">Wir sch\u00e4tzen Ihre Einzigartigkeit und gehen mit Empathie auf Ihre individuellen Bed\u00fcrfnisse ein.<\/span><\/p>\t\t\t\t\t\t\t\t<\/div>\n\t\t\t\t<\/div>\n\t\t\t\t<\/div>\n\t\t<div class=\"elementor-element elementor-element-a1e6e4c e-con-full e-flex e-con e-child\" data-id=\"a1e6e4c\" data-element_type=\"container\" data-e-type=\"container\" data-settings=\"{&quot;background_background&quot;:&quot;classic&quot;}\">\n\t\t\t\t<div class=\"elementor-element elementor-element-26ab0fe elementor-widget elementor-widget-heading\" data-id=\"26ab0fe\" data-element_type=\"widget\" data-e-type=\"widget\" data-widget_type=\"heading.default\">\n\t\t\t\t<div class=\"elementor-widget-container\">\n\t\t\t\t\t<h6 class=\"elementor-heading-title elementor-size-default\">L\u00f6sungsorientierung:<\/h6>\t\t\t\t<\/div>\n\t\t\t\t<\/div>\n\t\t\t\t<div class=\"elementor-element elementor-element-26bc3f4 elementor-widget elementor-widget-text-editor\" data-id=\"26bc3f4\" data-element_type=\"widget\" data-e-type=\"widget\" data-widget_type=\"text-editor.default\">\n\t\t\t\t<div class=\"elementor-widget-container\">\n\t\t\t\t\t\t\t\t\t<p class=\"Standard\"><span lang=\"DE\">Unser Fokus liegt darauf, konkrete L\u00f6sungen zu erarbeiten und Sie auf Ihrem Weg zu unterst\u00fctzen.<\/span><\/p>\t\t\t\t\t\t\t\t<\/div>\n\t\t\t\t<\/div>\n\t\t\t\t<\/div>\n\t\t\t\t<div class=\"elementor-element elementor-element-be30655 elementor-widget elementor-widget-text-editor\" data-id=\"be30655\" data-element_type=\"widget\" data-e-type=\"widget\" data-widget_type=\"text-editor.default\">\n\t\t\t\t<div class=\"elementor-widget-container\">\n\t\t\t\t\t\t\t\t\t<p class=\"Standard\"><strong><span lang=\"DE\">Ihr Weg zu mehr Balance und Zufriedenheit!<\/span><\/strong><\/p><p class=\"Standard\"><span lang=\"DE\">Beginnen Sie noch heute Ihre Reise zu einem harmonischen Einklang von Familie und Beruf, einem effektiven Stressmanagement und klaren Zukunftsperspektiven. Vereinbaren Sie einen Termin f\u00fcr unsere psychosoziale Onlineberatung und entdecken Sie, wie wir Ihnen helfen k\u00f6nnen, Ihr Wohlbefinden zu steigern und positive Ver\u00e4nderungen herbeizuf\u00fchren.<\/span><\/p>\t\t\t\t\t\t\t\t<\/div>\n\t\t\t\t<\/div>\n\t\t\t\t<\/div>\n\t\t\t\t\t<\/div>\n\t\t\t\t<\/div>\n\t\t\t\t\t<\/div>\n\t\t\t\t<\/div>\n\t\t\t\t<\/div>\n\t\t","protected":false},"excerpt":{"rendered":"<p>Zum buchen klicken Sie hier! Mental Health Beratung f\u00fcr den Einklang von Familie und Beruf, Stressmanagement und Zukunftsperspektiven Herzlich willkommen bei unserer Mental Health Onlineberatung \u2013 einem Raum, der darauf ausgerichtet ist, Sie auf Ihrem Weg zu einem ausgewogenen Leben zu begleiten. Wir verstehen die Herausforderungen, die der Einklang von Familie und Beruf, Stress und [&hellip;]<\/p>\n","protected":false},"author":1,"featured_media":0,"parent":0,"menu_order":0,"comment_status":"closed","ping_status":"closed","template":"","meta":{"om_disable_all_campaigns":false,"_monsterinsights_skip_tracking":false,"_monsterinsights_sitenote_active":false,"_monsterinsights_sitenote_note":"","_monsterinsights_sitenote_category":0,"footnotes":""},"class_list":["post-121","page","type-page","status-publish","hentry"],"aioseo_notices":[],"_links":{"self":[{"href":"https:\/\/hamme-solutions.eu\/index.php\/wp-json\/wp\/v2\/pages\/121","targetHints":{"allow":["GET"]}}],"collection":[{"href":"https:\/\/hamme-solutions.eu\/index.php\/wp-json\/wp\/v2\/pages"}],"about":[{"href":"https:\/\/hamme-solutions.eu\/index.php\/wp-json\/wp\/v2\/types\/page"}],"author":[{"embeddable":true,"href":"https:\/\/hamme-solutions.eu\/index.php\/wp-json\/wp\/v2\/users\/1"}],"replies":[{"embeddable":true,"href":"https:\/\/hamme-solutions.eu\/index.php\/wp-json\/wp\/v2\/comments?post=121"}],"version-history":[{"count":77,"href":"https:\/\/hamme-solutions.eu\/index.php\/wp-json\/wp\/v2\/pages\/121\/revisions"}],"predecessor-version":[{"id":1150,"href":"https:\/\/hamme-solutions.eu\/index.php\/wp-json\/wp\/v2\/pages\/121\/revisions\/1150"}],"wp:attachment":[{"href":"https:\/\/hamme-solutions.eu\/index.php\/wp-json\/wp\/v2\/media?parent=121"}],"curies":[{"name":"wp","href":"https:\/\/api.w.org\/{rel}","templated":true}]}}