{"id":119,"date":"2024-02-25T10:40:47","date_gmt":"2024-02-25T10:40:47","guid":{"rendered":"https:\/\/hamme-solutions.eu\/?page_id=119"},"modified":"2024-03-11T08:31:48","modified_gmt":"2024-03-11T07:31:48","slug":"organisationsberatung_de","status":"publish","type":"page","link":"https:\/\/hamme-solutions.eu\/index.php\/organisationsberatung_de\/","title":{"rendered":"Systemische Organisationsberatung"},"content":{"rendered":"\t\t<div data-elementor-type=\"wp-page\" data-elementor-id=\"119\" class=\"elementor elementor-119\" data-elementor-post-type=\"page\">\n\t\t\t\t<div class=\"elementor-element elementor-element-d25e9a9 e-flex e-con-boxed e-con e-parent\" data-id=\"d25e9a9\" data-element_type=\"container\" data-e-type=\"container\">\n\t\t\t\t\t<div class=\"e-con-inner\">\n\t\t<div class=\"elementor-element elementor-element-719c463 e-flex e-con-boxed e-con e-child\" data-id=\"719c463\" data-element_type=\"container\" data-e-type=\"container\">\n\t\t\t\t\t<div class=\"e-con-inner\">\n\t\t\t\t<div class=\"elementor-element elementor-element-086efb8 elementor-widget elementor-widget-image\" data-id=\"086efb8\" data-element_type=\"widget\" data-e-type=\"widget\" data-widget_type=\"image.default\">\n\t\t\t\t<div class=\"elementor-widget-container\">\n\t\t\t\t\t\t\t\t\t\t\t\t\t\t\t<img fetchpriority=\"high\" decoding=\"async\" width=\"1280\" height=\"444\" src=\"https:\/\/hamme-solutions.eu\/wp-content\/uploads\/2024\/03\/Top-1.jpg\" class=\"attachment-full size-full wp-image-724\" alt=\"\" srcset=\"https:\/\/hamme-solutions.eu\/wp-content\/uploads\/2024\/03\/Top-1.jpg 1280w, https:\/\/hamme-solutions.eu\/wp-content\/uploads\/2024\/03\/Top-1-300x104.jpg 300w, https:\/\/hamme-solutions.eu\/wp-content\/uploads\/2024\/03\/Top-1-1024x355.jpg 1024w, https:\/\/hamme-solutions.eu\/wp-content\/uploads\/2024\/03\/Top-1-768x266.jpg 768w\" sizes=\"(max-width: 1280px) 100vw, 1280px\" \/>\t\t\t\t\t\t\t\t\t\t\t\t\t\t\t<\/div>\n\t\t\t\t<\/div>\n\t\t\t\t<div class=\"elementor-element elementor-element-e18abd3 elementor-widget elementor-widget-image\" data-id=\"e18abd3\" data-element_type=\"widget\" data-e-type=\"widget\" data-widget_type=\"image.default\">\n\t\t\t\t<div class=\"elementor-widget-container\">\n\t\t\t\t\t\t\t\t\t\t\t\t\t\t\t<img decoding=\"async\" width=\"1280\" height=\"176\" src=\"https:\/\/hamme-solutions.eu\/wp-content\/uploads\/2024\/03\/Systemische-Organisationsberatung.jpg\" class=\"attachment-full size-full wp-image-747\" alt=\"\" srcset=\"https:\/\/hamme-solutions.eu\/wp-content\/uploads\/2024\/03\/Systemische-Organisationsberatung.jpg 1280w, https:\/\/hamme-solutions.eu\/wp-content\/uploads\/2024\/03\/Systemische-Organisationsberatung-300x41.jpg 300w, https:\/\/hamme-solutions.eu\/wp-content\/uploads\/2024\/03\/Systemische-Organisationsberatung-1024x141.jpg 1024w, https:\/\/hamme-solutions.eu\/wp-content\/uploads\/2024\/03\/Systemische-Organisationsberatung-768x106.jpg 768w\" sizes=\"(max-width: 1280px) 100vw, 1280px\" \/>\t\t\t\t\t\t\t\t\t\t\t\t\t\t\t<\/div>\n\t\t\t\t<\/div>\n\t\t\t\t\t<\/div>\n\t\t\t\t<\/div>\n\t\t\t\t\t<\/div>\n\t\t\t\t<\/div>\n\t\t<div class=\"elementor-element elementor-element-cf0d584 e-flex e-con-boxed e-con e-parent\" data-id=\"cf0d584\" data-element_type=\"container\" data-e-type=\"container\">\n\t\t\t\t\t<div class=\"e-con-inner\">\n\t\t<div class=\"elementor-element elementor-element-78cdc35 e-flex e-con-boxed e-con e-child\" data-id=\"78cdc35\" data-element_type=\"container\" data-e-type=\"container\">\n\t\t\t\t\t<div class=\"e-con-inner\">\n\t\t<div class=\"elementor-element elementor-element-c130334 e-con-full e-flex e-con e-child\" data-id=\"c130334\" data-element_type=\"container\" data-e-type=\"container\">\n\t\t\t\t<div class=\"elementor-element elementor-element-c768aef elementor-widget elementor-widget-image\" data-id=\"c768aef\" data-element_type=\"widget\" data-e-type=\"widget\" data-widget_type=\"image.default\">\n\t\t\t\t<div class=\"elementor-widget-container\">\n\t\t\t\t\t\t\t\t\t\t\t\t\t\t\t<img decoding=\"async\" width=\"740\" height=\"493\" src=\"https:\/\/hamme-solutions.eu\/wp-content\/uploads\/2024\/02\/Systemische-Orgarisationsberatung-und-Unternehemsberatung-e1532075983183.jpeg\" class=\"attachment-large size-large wp-image-185\" alt=\"\" srcset=\"https:\/\/hamme-solutions.eu\/wp-content\/uploads\/2024\/02\/Systemische-Orgarisationsberatung-und-Unternehemsberatung-e1532075983183.jpeg 740w, https:\/\/hamme-solutions.eu\/wp-content\/uploads\/2024\/02\/Systemische-Orgarisationsberatung-und-Unternehemsberatung-e1532075983183-300x200.jpeg 300w\" sizes=\"(max-width: 740px) 100vw, 740px\" \/>\t\t\t\t\t\t\t\t\t\t\t\t\t\t\t<\/div>\n\t\t\t\t<\/div>\n\t\t\t\t<div class=\"elementor-element elementor-element-a582dd4 elementor-align-center elementor-widget elementor-widget-button\" data-id=\"a582dd4\" data-element_type=\"widget\" data-e-type=\"widget\" data-widget_type=\"button.default\">\n\t\t\t\t<div class=\"elementor-widget-container\">\n\t\t\t\t\t\t\t\t\t<div class=\"elementor-button-wrapper\">\n\t\t\t\t\t<a class=\"elementor-button elementor-button-link elementor-size-sm\" href=\"https:\/\/hamme-solutions.eu\/index.php\/kontakt\/\">\n\t\t\t\t\t\t<span class=\"elementor-button-content-wrapper\">\n\t\t\t\t\t\t\t\t\t<span class=\"elementor-button-text\">Zum buchen kontaktieren Sie uns!<\/span>\n\t\t\t\t\t<\/span>\n\t\t\t\t\t<\/a>\n\t\t\t\t<\/div>\n\t\t\t\t\t\t\t\t<\/div>\n\t\t\t\t<\/div>\n\t\t\t\t<\/div>\n\t\t<div class=\"elementor-element elementor-element-fa69a13 e-con-full e-flex e-con e-child\" data-id=\"fa69a13\" data-element_type=\"container\" data-e-type=\"container\">\n\t\t\t\t<div class=\"elementor-element elementor-element-3a5328c elementor-widget elementor-widget-text-editor\" data-id=\"3a5328c\" data-element_type=\"widget\" data-e-type=\"widget\" data-widget_type=\"text-editor.default\">\n\t\t\t\t<div class=\"elementor-widget-container\">\n\t\t\t\t\t\t\t\t\t<p class=\"Standard\"><span lang=\"DE\">Herzlich willkommen bei Hamme-Solutions. Wir bieten ma\u00dfgeschneiderte Beratung f\u00fcr F\u00fchrungskr\u00e4fte und Teams, um Organisationen dabei zu unterst\u00fctzen, ihre Ziele zu erreichen und effektiver zu agieren \u2013 alles bequem von Ihrem Arbeitsplatz aus.<\/span><\/p><p class=\"Standard\"><span lang=\"DE\">Unsere erfahrenen Beraterinnen und Berater verstehen die komplexen Dynamiken in Organisationen. Mit einem systemischen Ansatz unterst\u00fctzen wir F\u00fchrungskr\u00e4fte dabei, ihre Rolle zu reflektieren, effektive F\u00fchrungsf\u00e4higkeiten zu entwickeln und Teams zu st\u00e4rken. Die Online-Plattform erm\u00f6glicht es, diese Prozesse effizient und flexibel zu gestalten.<\/span><\/p><p class=\"Standard\"><span lang=\"DE\">Unsere Leistungen umfassen nicht nur die individuelle Beratung von F\u00fchrungskr\u00e4ften, sondern auch Teamsupervision online. Hierbei legen wir Wert auf die F\u00f6rderung einer positiven Teamkultur, die Zusammenarbeit und Kommunikation verbessert. Durch die virtuelle Umgebung k\u00f6nnen Teams unabh\u00e4ngig von ihrem Standort an den Sitzungen teilnehmen.<\/span><\/p><p class=\"Standard\"><span lang=\"DE\">Termine und Kosten f\u00fcr unsere Systemische Organisationsberatung online werden individuell nach Absprache festgelegt, um sicherzustellen, dass unsere Leistungen perfekt auf die Bed\u00fcrfnisse Ihrer Organisation zugeschnitten sind. Wir verstehen, dass jede Organisation einzigartig ist, und passen unsere Beratung an, um optimale Ergebnisse zu erzielen.<\/span><\/p><p class=\"Standard\"><span lang=\"DE\">Investieren Sie in die Entwicklung Ihrer Organisation, indem Sie die F\u00fchrungsebene st\u00e4rken und die Teamdynamik verbessern. Vereinbaren Sie noch heute einen Termin f\u00fcr Systemische Organisationsberatung online, um den Weg zu effektiveren F\u00fchrungskr\u00e4ften und leistungsstarken Teams zu beginnen.<\/span><\/p>\t\t\t\t\t\t\t\t<\/div>\n\t\t\t\t<\/div>\n\t\t\t\t<\/div>\n\t\t\t\t\t<\/div>\n\t\t\t\t<\/div>\n\t\t\t\t\t<\/div>\n\t\t\t\t<\/div>\n\t\t\t\t<\/div>\n\t\t","protected":false},"excerpt":{"rendered":"<p>Zum buchen kontaktieren Sie uns! Herzlich willkommen bei Hamme-Solutions. Wir bieten ma\u00dfgeschneiderte Beratung f\u00fcr F\u00fchrungskr\u00e4fte und Teams, um Organisationen dabei zu unterst\u00fctzen, ihre Ziele zu erreichen und effektiver zu agieren \u2013 alles bequem von Ihrem Arbeitsplatz aus. Unsere erfahrenen Beraterinnen und Berater verstehen die komplexen Dynamiken in Organisationen. Mit einem systemischen Ansatz unterst\u00fctzen wir F\u00fchrungskr\u00e4fte [&hellip;]<\/p>\n","protected":false},"author":1,"featured_media":0,"parent":0,"menu_order":0,"comment_status":"closed","ping_status":"closed","template":"","meta":{"om_disable_all_campaigns":false,"_monsterinsights_skip_tracking":false,"_monsterinsights_sitenote_active":false,"_monsterinsights_sitenote_note":"","_monsterinsights_sitenote_category":0,"footnotes":""},"class_list":["post-119","page","type-page","status-publish","hentry"],"aioseo_notices":[],"_links":{"self":[{"href":"https:\/\/hamme-solutions.eu\/index.php\/wp-json\/wp\/v2\/pages\/119","targetHints":{"allow":["GET"]}}],"collection":[{"href":"https:\/\/hamme-solutions.eu\/index.php\/wp-json\/wp\/v2\/pages"}],"about":[{"href":"https:\/\/hamme-solutions.eu\/index.php\/wp-json\/wp\/v2\/types\/page"}],"author":[{"embeddable":true,"href":"https:\/\/hamme-solutions.eu\/index.php\/wp-json\/wp\/v2\/users\/1"}],"replies":[{"embeddable":true,"href":"https:\/\/hamme-solutions.eu\/index.php\/wp-json\/wp\/v2\/comments?post=119"}],"version-history":[{"count":26,"href":"https:\/\/hamme-solutions.eu\/index.php\/wp-json\/wp\/v2\/pages\/119\/revisions"}],"predecessor-version":[{"id":1075,"href":"https:\/\/hamme-solutions.eu\/index.php\/wp-json\/wp\/v2\/pages\/119\/revisions\/1075"}],"wp:attachment":[{"href":"https:\/\/hamme-solutions.eu\/index.php\/wp-json\/wp\/v2\/media?parent=119"}],"curies":[{"name":"wp","href":"https:\/\/api.w.org\/{rel}","templated":true}]}}